{"id":25,"date":"2016-03-26T03:25:24","date_gmt":"2016-03-26T05:25:24","guid":{"rendered":"http:\/\/betongrindis.lt\/?page_id=25"},"modified":"2025-05-22T10:38:51","modified_gmt":"2025-05-22T07:38:51","slug":"pagrindu-irengimas-islyginimas","status":"publish","type":"page","link":"https:\/\/betongrindis.lt\/en\/modern-technologies\/framework-installation-leveling\/","title":{"rendered":"Framework installation, leveling"},"content":{"rendered":"<h3>Grind\u0173 pagrindo klojimas, i\u0161lyginimas<\/h3>\n<div id=\"attachment_3558\" style=\"width: 310px\" class=\"wp-caption alignright\"><a href=\"https:\/\/betongrindis.lt\/wp-content\/uploads\/grindinys-betonavimas-statyba-pamatas-muras-geotermine-sildymo-sistema-inzineriniai-tinklai-18-betongrindis-uab.jpg\" rel=\"lightbox[25]\"><img aria-describedby=\"caption-attachment-3558\" loading=\"lazy\" src=\"https:\/\/betongrindis.lt\/wp-content\/uploads\/grindinys-betonavimas-statyba-pamatas-muras-geotermine-sildymo-sistema-inzineriniai-tinklai-18-betongrindis-uab-300x169.jpg\" alt=\"Grind\u0173 pagrindo i\u0161lyginimas, klojimas, armavimas, ap\u0161ildymas, Betongrindis\" width=\"300\" height=\"169\" class=\"size-medium wp-image-3558\" srcset=\"https:\/\/betongrindis.lt\/wp-content\/uploads\/grindinys-betonavimas-statyba-pamatas-muras-geotermine-sildymo-sistema-inzineriniai-tinklai-18-betongrindis-uab-300x169.jpg 300w, https:\/\/betongrindis.lt\/wp-content\/uploads\/grindinys-betonavimas-statyba-pamatas-muras-geotermine-sildymo-sistema-inzineriniai-tinklai-18-betongrindis-uab.jpg 1024w, https:\/\/betongrindis.lt\/wp-content\/uploads\/grindinys-betonavimas-statyba-pamatas-muras-geotermine-sildymo-sistema-inzineriniai-tinklai-18-betongrindis-uab-810x456.jpg 810w, https:\/\/betongrindis.lt\/wp-content\/uploads\/grindinys-betonavimas-statyba-pamatas-muras-geotermine-sildymo-sistema-inzineriniai-tinklai-18-betongrindis-uab-560x315.jpg 560w, https:\/\/betongrindis.lt\/wp-content\/uploads\/grindinys-betonavimas-statyba-pamatas-muras-geotermine-sildymo-sistema-inzineriniai-tinklai-18-betongrindis-uab-120x68.jpg 120w\" sizes=\"(max-width: 300px) 100vw, 300px\" \/><\/a><p id=\"caption-attachment-3558\" class=\"wp-caption-text\">Grind\u0173 pagrindo i\u0161lyginimas, ap\u0161ildymo kabeli\u0173 klojimas<\/p><\/div>&#8220;Betongrindis&#8221; UAB  specialistai yra sukaup\u0119 beveik 20 met\u0173 patirt\u012f \u012frengiant pramonines betonines, cementines, epoksidines bei polimerines grind\u0173 dangas ne tik Lietuvoje, bet ir u\u017e jos rib\u0173. Lyginant su kitomis pramonini\u0173 grind\u0173 r\u016b\u0161imis ir tipais betonin\u0117s grindys turi aib\u0119 privalum\u0173: jos monoliti\u0161kos, ilgaam\u017e\u0117s, nedulka, yra auk\u0161to cheminio atsparumo, atsparios d\u0117v\u0117jimuisi, sm\u016bgin\u0117ms ir vibracin\u0117ms apkrovoms, nedegios ir t.t.  <\/p>\n<p>Daug d\u0117mesio b\u016btina skirti technologin\u0117ms operacijoms, kurios prasideda nuo pagrind\u0173 \u012frengimo ir u\u017esibaigiamos betono apsauga ir impregnavimu. Pramonini\u0173 betonini\u0173 grind\u0173 betonavimui tinka tik kokybi\u0161kas betonas, jo sud\u0117tis turi b\u016bti pritaikyta grind\u0173 liejimui. Taipogi b\u016btina \u012fmai\u0161ius reikiam\u0105 plieno fibros kiek\u012f ir technologi\u0161kai teisingai paklojus beton\u0105 j\u012f i\u0161lyginti ir idealiai nu\u0161lifuoti.<\/p>\n<p>Visom i\u0161vardintom s\u0105vyb\u0117ms u\u017etikrinti \u012frengiant pramonines liejam\u0105sias grindis b\u016btina laikytis itin grie\u017et\u0173 technologini\u0173 proces\u0173. J\u0173 \u012fgyvendinimui mes esame numat\u0119 pagrindinius principus ir s\u0105lygas, kuri\u0173 bendrov\u0117s vykdomuose objektuose laikom\u0117s beatodairi\u0161kai, neatsi\u017evelgiant \u012f jokias kitas aplinkybes.<\/p>\n<h4>Pasiruo\u0161imas<\/h4>\n<p><a href=\"https:\/\/betongrindis.lt\/wp-content\/uploads\/grindinys-betonavimas-statyba-pamatas-muras-geotermine-sildymo-sistema-inzineriniai-tinklai-29-betongrindis-uab.jpg\" rel=\"lightbox[25]\"><img loading=\"lazy\" src=\"https:\/\/betongrindis.lt\/wp-content\/uploads\/grindinys-betonavimas-statyba-pamatas-muras-geotermine-sildymo-sistema-inzineriniai-tinklai-29-betongrindis-uab-300x169.jpg\" alt=\"I\u0161lyginamasis sluoksnis, pagrindas, gruntavimas, hidroizoliacija, Betongrindis\" width=\"300\" height=\"169\" class=\"alignleft size-medium wp-image-3569\" srcset=\"https:\/\/betongrindis.lt\/wp-content\/uploads\/grindinys-betonavimas-statyba-pamatas-muras-geotermine-sildymo-sistema-inzineriniai-tinklai-29-betongrindis-uab-300x169.jpg 300w, https:\/\/betongrindis.lt\/wp-content\/uploads\/grindinys-betonavimas-statyba-pamatas-muras-geotermine-sildymo-sistema-inzineriniai-tinklai-29-betongrindis-uab.jpg 1024w, https:\/\/betongrindis.lt\/wp-content\/uploads\/grindinys-betonavimas-statyba-pamatas-muras-geotermine-sildymo-sistema-inzineriniai-tinklai-29-betongrindis-uab-810x456.jpg 810w, https:\/\/betongrindis.lt\/wp-content\/uploads\/grindinys-betonavimas-statyba-pamatas-muras-geotermine-sildymo-sistema-inzineriniai-tinklai-29-betongrindis-uab-560x315.jpg 560w, https:\/\/betongrindis.lt\/wp-content\/uploads\/grindinys-betonavimas-statyba-pamatas-muras-geotermine-sildymo-sistema-inzineriniai-tinklai-29-betongrindis-uab-120x68.jpg 120w\" sizes=\"(max-width: 300px) 100vw, 300px\" \/><\/a>Tam, kad lyginamasis sluoksnis b\u016bt\u0173 kokybi\u0161kas, reikia kruop\u0161\u010diai paruo\u0161ti pagrind\u0105. Visus ply\u0161ius ir sand\u016bras reikia i\u0161 anksto u\u017etaisyti specialiu paruo\u0161iamuoju mi\u0161iniu. Pagrindas turi b\u016bti nuvalytas nuo \u012fvairi\u0173 ne\u0161varum\u0173, riebalini\u0173 ir aliejini\u0173 d\u0117mi\u0173, tinko liekan\u0173, dulki\u0173. Geresniam lyginamojo sluoksnio sukibimui su pagrindu atliekamas gruntavimas, o klojant lyginam\u0105j\u012f sluoksn\u012f ant lygi\u0173 cementini\u0173 plok\u0161\u010di\u0173, j\u0173 pavir\u0161iuje padaromos negilios vagel\u0117s, nes kitaip lyginamoji med\u017eiaga gali nesukibti su pagrindu. Be vis\u0173 pirmiau i\u0161vardint\u0173 dalyk\u0173, prie\u0161 lyginamojo sluoksnio \u012frengim\u0105 paprastai taip pat atliekama pertvar\u0173 ir sien\u0173 apatin\u0117s dalies hidroizoliacija.<\/p>\n<h4>Grind\u0173 i\u0161lyginimas betonu ir cementu<\/h4>\n<p><a href=\"https:\/\/betongrindis.lt\/wp-content\/uploads\/fermos-grudu-sandeliai-silosines-perdangu-grindu-sienu-betonavimas-10-betongrindis-uab.jpg\" rel=\"lightbox[25]\"><img loading=\"lazy\" src=\"https:\/\/betongrindis.lt\/wp-content\/uploads\/fermos-grudu-sandeliai-silosines-perdangu-grindu-sienu-betonavimas-10-betongrindis-uab-300x169.jpg\" alt=\"Grind\u0173 i\u0161lyginimas cementu, betonu, \u012frengimas, betonavimas, Betongrindis\" width=\"300\" height=\"169\" class=\"alignright size-medium wp-image-3519\" srcset=\"https:\/\/betongrindis.lt\/wp-content\/uploads\/fermos-grudu-sandeliai-silosines-perdangu-grindu-sienu-betonavimas-10-betongrindis-uab-300x169.jpg 300w, https:\/\/betongrindis.lt\/wp-content\/uploads\/fermos-grudu-sandeliai-silosines-perdangu-grindu-sienu-betonavimas-10-betongrindis-uab.jpg 1024w, https:\/\/betongrindis.lt\/wp-content\/uploads\/fermos-grudu-sandeliai-silosines-perdangu-grindu-sienu-betonavimas-10-betongrindis-uab-810x456.jpg 810w, https:\/\/betongrindis.lt\/wp-content\/uploads\/fermos-grudu-sandeliai-silosines-perdangu-grindu-sienu-betonavimas-10-betongrindis-uab-560x315.jpg 560w, https:\/\/betongrindis.lt\/wp-content\/uploads\/fermos-grudu-sandeliai-silosines-perdangu-grindu-sienu-betonavimas-10-betongrindis-uab-120x68.jpg 120w\" sizes=\"(max-width: 300px) 100vw, 300px\" \/><\/a>Grind\u0173 i\u0161lyginimas \u2014 tai svarbi statybin\u0117 operacija. Grind\u0173 \u012frengimas yra svarbi u\u017eduotis, kuri atliekama baigiamajame statybos ir apdailos darb\u0173 etape. I\u0161lyginimas naudojamas grind\u0173 pavir\u0161i\u0173 ruo\u0161iant \u201e\u0161varios\u201c grind\u0173 dangos klojimui. Grind\u0173 i\u0161lyginimo prie\u0161 baigiam\u0105j\u0105 apdail\u0105 (parketo, laminato, linoleumo, sportini\u0173 dang\u0173 klojim\u0105) problema yra gerai \u017einoma (ypa\u010d esant dideliam grind\u0173 storiui, klojant komunikacijas arba esant silpnoms perdang\u0173 konstrukcijoms), nes reikia i\u0161gauti idealiai lyg\u0173 pavir\u0161i\u0173, kuris yra tam tikr\u0173 tvirtumo charakteristik\u0173 ir be \u012ftr\u016bkim\u0173. Grind\u0173 i\u0161lyginimu i\u0161 karto pasiekiama keli\u0173 tiksl\u0173:<\/p>\n<ul>\n<li>lygaus pavir\u0161iaus grind\u0173 dangos klojimui formavimo<\/li>\n<li>statybini\u0173 konstrukcij\u0173 tvirtumo padidinimo<\/li>\n<li>\u0161ilumos re\u017eimo patalpose pagerinimo<\/li>\n<li>tolygaus apkrovos pamatui pasiskirstymo u\u017etikrinimo<\/li>\n<li>grind\u0173 pavir\u0161iaus apdorojimo iki reikiamo lygio<\/li>\n<li>nuolyd\u017ei\u0173 formavimo<\/li>\n<\/ul>\n<p>Siekiant atitikti pirmiau i\u0161vardintus reikalavimus, grindis i\u0161lyginti sm\u0117lbetoniu reikia laikantis tam tikr\u0173 technologini\u0173 s\u0105lyg\u0173. Pirmiausiai b\u016btina i\u0161laikyti tinkam\u0105 vandens ir cemento santyk\u012f, nuo kurio priklauso mi\u0161inio kokyb\u0117. Vis d\u0117lto b\u016btina pasteb\u0117ti, kad grind\u0173 i\u0161lyginimas betonu yra brangesnis, negu grind\u0173 i\u0161lyginimas cementu. Tam, kad lyginamasis sluoksnis b\u016bt\u0173 kokybi\u0161kas, reikia kruop\u0161\u010diai paruo\u0161ti pagrind\u0105. Visus ply\u0161ius ir sand\u016bras reikia i\u0161 anksto u\u017etaisyti specialiu paruo\u0161iamuoju mi\u0161iniu.  <\/p>\n<p>Pagrindas turi b\u016bti nuvalytas nuo \u012fvairi\u0173 ne\u0161varum\u0173, riebalini\u0173 ir aliejini\u0173 d\u0117mi\u0173, tinko liekan\u0173, dulki\u0173. Geresniam lyginamojo sluoksnio sukibimui su pagrindu atliekamas gruntavimas, o klojant lyginam\u0105j\u012f sluoksn\u012f ant lygi\u0173 cementini\u0173 plok\u0161\u010di\u0173, j\u0173 pavir\u0161iuje padaromos negilios vagel\u0117s, nes to neatlikus lyginamoji med\u017eiaga gali nesukibti su pagrindu. Be vis\u0173 pirmiau i\u0161vardint\u0173 dalyk\u0173, prie\u0161 lyginamojo sluoksnio \u012frengim\u0105 paprastai taip pat atliekama pertvar\u0173 ir sien\u0173 apatin\u0117s dalies hidroizoliacija.<\/p>\n<h4>I\u0161lyginimo darb\u0173 ypatumai<\/h4>\n<p><a href=\"https:\/\/betongrindis.lt\/wp-content\/uploads\/fermos-grudu-sandeliai-silosines-perdangu-grindu-sienu-betonavimas-7-betongrindis-uab.jpg\" rel=\"lightbox[25]\"><img loading=\"lazy\" src=\"https:\/\/betongrindis.lt\/wp-content\/uploads\/fermos-grudu-sandeliai-silosines-perdangu-grindu-sienu-betonavimas-7-betongrindis-uab-300x169.jpg\" alt=\"Grind\u0173 i\u0161lyginimas, ypatumai, birios, akytos, med\u017eiagos, lyginamasis sluoksnis, skirtingas lygis, parketas, laminatas, sportin\u0117 danga, Betongrindis\" width=\"300\" height=\"169\" class=\"alignleft size-medium wp-image-3516\" srcset=\"https:\/\/betongrindis.lt\/wp-content\/uploads\/fermos-grudu-sandeliai-silosines-perdangu-grindu-sienu-betonavimas-7-betongrindis-uab-300x169.jpg 300w, https:\/\/betongrindis.lt\/wp-content\/uploads\/fermos-grudu-sandeliai-silosines-perdangu-grindu-sienu-betonavimas-7-betongrindis-uab.jpg 1024w, https:\/\/betongrindis.lt\/wp-content\/uploads\/fermos-grudu-sandeliai-silosines-perdangu-grindu-sienu-betonavimas-7-betongrindis-uab-810x456.jpg 810w, https:\/\/betongrindis.lt\/wp-content\/uploads\/fermos-grudu-sandeliai-silosines-perdangu-grindu-sienu-betonavimas-7-betongrindis-uab-560x315.jpg 560w, https:\/\/betongrindis.lt\/wp-content\/uploads\/fermos-grudu-sandeliai-silosines-perdangu-grindu-sienu-betonavimas-7-betongrindis-uab-120x68.jpg 120w\" sizes=\"(max-width: 300px) 100vw, 300px\" \/><\/a>Pagal Betonini\u0173 grind\u0173 paruo\u0161imo technologij\u0105 po lyginamuoju sluoksniu da\u017enai i\u0161 biri\u0173 ir akyt\u0173 med\u017eiag\u0173 \u012frengiamas \u0161ilumos izoliacijos sluoksnis. Tam, kad vanduo nepa\u017eeist\u0173 \u0161ilumos izoliacijos, lyginamasis sluoksnis nuo termoizoliacinio sluoksnio paprastai atskiriamas polietileno pl\u0117vele, kurios kra\u0161tai gra\u017eiai u\u017eleid\u017eiami ant sien\u0173.<\/p>\n<p>Grindys cementu lyginamos pagal i\u0161 anksto numatyt\u0105 lyg\u012f. I\u0161lyginimo lygis skirtingose patalpose gali b\u016bti skirtingas. Tai susij\u0119 su skirtingu grind\u0173 baigiam\u0173j\u0173 dang\u0173 storiu. Padengtas mi\u0161inys kur\u012f laik\u0105 tankinamas, po to lyginamasis pavir\u0161ius yra i\u0161lyginamas matuokliu-tiesikliu ir u\u017etrinamas, kol lieka vienalytis pavir\u0161ius.<\/p>\n<p>Grind\u0173 i\u0161lyginimas betonu arba cementu yra nepakei\u010diami b\u016bdai, kai perdang\u0173 plok\u0161t\u0117s yra nelygaus pavir\u0161iaus. B\u016btent tod\u0117l i\u0161lyginimas tampa b\u016btina patalp\u0173 apdailos proced\u016bra. Grindis i\u0161lyginus betonu, paprastai visada prireikia pakloti dar vien\u0105 baigiam\u0105j\u012f lyginam\u0105j\u012f sluoksn\u012f. Jo storis priklauso nuo numatytos grind\u0173 dangos tipo.<\/p>\n<p>Grind\u0173 i\u0161lyginimo prie\u0161 baigiam\u0105j\u0105 apdail\u0105 (parketo, laminato, linoleumo, sportini\u0173 dang\u0173 klojim\u0105) problema yra gerai \u017einoma (ypa\u010d esant dideliam storiui, klojant komunikacijas arba esant silpnoms perdang\u0173 konstrukcijoms). I\u0161lyginimo procese reikia i\u0161gauti idealiai lyg\u0173 pavir\u0161i\u0173, pasi\u017eymint\u012f tam tikromis tvirtumo charakteristikomis, neturint\u012f \u012ftr\u016bkim\u0173. Taip pat darb\u0173 technologija turi b\u016bti didelio na\u0161umo, o med\u017eiag\u0173 kaina \u2014 minimali.<\/p>\n<p><strong>Naudojama grind\u0173 klojimo technika suteikia toki\u0173 gamybos privalum\u0173:<\/strong><\/p>\n<p><strong>Idealiai lygios grindys.<\/strong> Pagal \u0161i\u0105 technologij\u0105 i\u0161lyginus pavir\u0161i\u0173, nebereikia papildomo i\u0161lyginimo, tod\u0117l tai yra idealus pagrindas plytel\u0117ms, parketui, linoleumui, polimerin\u0117ms ir kam\u0161tin\u0117ms med\u017eiagoms kloti. Tai tampa \u012fmanoma d\u0117l mi\u0161inio sutankinimo u\u017etrynimo ma\u0161ina klojimo momentu, nes i\u0161vengiama tu\u0161tum\u0173 lyginamajame sluoksnyje.<\/p>\n<p><strong>Klojimo greitis.<\/strong> Kokybi\u0161kai i\u0161lyginsite didelius plotus per vien\u0105 dien\u0105 (viena brigada  per pamain\u0105 i\u0161lygina 250 m2 pavir\u0161i\u0173). D\u0117l \u0161ios technologijos sm\u0117lio ir cemento skiedinyje yra nedidelis vandens kiekis, reikalingas tik cemento hidratacijai. \u0160i savyb\u0117 v\u0117liau suteikia galimyb\u0119 i\u0161vengti lyginamojo sluoksnio susl\u016bgimo, nesukelia \u012ftr\u016bkim\u0173.<\/p>\n<p>Vertikalus mi\u0161inio padavimas nenaudojant betono siurblio \u2013 \u012f iki 80 m auk\u0161t\u012f, horizontalus \u2013 iki 150 m.","protected":false},"excerpt":{"rendered":"<p>Grind\u0173 pagrindo klojimas, i\u0161lyginimas &#8220;Betongrindis&#8221; UAB specialistai yra sukaup\u0119 beveik 20 met\u0173 patirt\u012f \u012frengiant pramonines betonines, cementines, epoksidines bei polimerines grind\u0173 dangas ne tik Lietuvoje, bet ir u\u017e jos rib\u0173. Lyginant su kitomis pramonini\u0173 grind\u0173 r\u016b\u0161imis ir tipais betonin\u0117s grindys turi aib\u0119 privalum\u0173: jos monoliti\u0161kos, ilgaam\u017e\u0117s, nedulka, yra auk\u0161to cheminio atsparumo, atsparios d\u0117v\u0117jimuisi, sm\u016bgin\u0117ms ir [&hellip;]<\/p>\n","protected":false},"author":1,"featured_media":5585,"parent":23,"menu_order":0,"comment_status":"closed","ping_status":"closed","template":"","meta":[],"aioseo_notices":[],"_links":{"self":[{"href":"https:\/\/betongrindis.lt\/en\/wp-json\/wp\/v2\/pages\/25"}],"collection":[{"href":"https:\/\/betongrindis.lt\/en\/wp-json\/wp\/v2\/pages"}],"about":[{"href":"https:\/\/betongrindis.lt\/en\/wp-json\/wp\/v2\/types\/page"}],"author":[{"embeddable":true,"href":"https:\/\/betongrindis.lt\/en\/wp-json\/wp\/v2\/users\/1"}],"replies":[{"embeddable":true,"href":"https:\/\/betongrindis.lt\/en\/wp-json\/wp\/v2\/comments?post=25"}],"version-history":[{"count":2,"href":"https:\/\/betongrindis.lt\/en\/wp-json\/wp\/v2\/pages\/25\/revisions"}],"predecessor-version":[{"id":6711,"href":"https:\/\/betongrindis.lt\/en\/wp-json\/wp\/v2\/pages\/25\/revisions\/6711"}],"up":[{"embeddable":true,"href":"https:\/\/betongrindis.lt\/en\/wp-json\/wp\/v2\/pages\/23"}],"wp:featuredmedia":[{"embeddable":true,"href":"https:\/\/betongrindis.lt\/en\/wp-json\/wp\/v2\/media\/5585"}],"wp:attachment":[{"href":"https:\/\/betongrindis.lt\/en\/wp-json\/wp\/v2\/media?parent=25"}],"curies":[{"name":"wp","href":"https:\/\/api.w.org\/{rel}","templated":true}]}}