{"id":28,"date":"2016-03-26T03:31:55","date_gmt":"2016-03-26T05:31:55","guid":{"rendered":"http:\/\/betongrindis.lt\/?page_id=28"},"modified":"2025-05-23T03:27:20","modified_gmt":"2025-05-23T00:27:20","slug":"armavimas-sildymo-kabeliu-naudojimas","status":"publish","type":"page","link":"https:\/\/betongrindis.lt\/en\/modern-technologies\/armavimas-sildymo-kabeliu-naudojimas\/","title":{"rendered":"Reinforcement, heating cables using"},"content":{"rendered":"<h3>Armavimas<\/h3>\n<p><a href=\"https:\/\/betongrindis.lt\/wp-content\/uploads\/grindinys-betonavimas-statyba-pamatas-muras-geotermine-sildymo-sistema-inzineriniai-tinklai-22-betongrindis-uab.jpg\" rel=\"lightbox[28]\"><img loading=\"lazy\" src=\"https:\/\/betongrindis.lt\/wp-content\/uploads\/grindinys-betonavimas-statyba-pamatas-muras-geotermine-sildymo-sistema-inzineriniai-tinklai-22-betongrindis-uab-300x169.jpg\" alt=\"Grind\u0173 \u012frengimas, armavimas, \u0161ildymo kabelis, klojimas, betonavimas, Betongrindis\" class=\"alignright size-medium wp-image-3562\" width=\"300\" height=\"169\" srcset=\"https:\/\/betongrindis.lt\/wp-content\/uploads\/grindinys-betonavimas-statyba-pamatas-muras-geotermine-sildymo-sistema-inzineriniai-tinklai-22-betongrindis-uab-300x169.jpg 300w, https:\/\/betongrindis.lt\/wp-content\/uploads\/grindinys-betonavimas-statyba-pamatas-muras-geotermine-sildymo-sistema-inzineriniai-tinklai-22-betongrindis-uab.jpg 1024w, https:\/\/betongrindis.lt\/wp-content\/uploads\/grindinys-betonavimas-statyba-pamatas-muras-geotermine-sildymo-sistema-inzineriniai-tinklai-22-betongrindis-uab-810x456.jpg 810w, https:\/\/betongrindis.lt\/wp-content\/uploads\/grindinys-betonavimas-statyba-pamatas-muras-geotermine-sildymo-sistema-inzineriniai-tinklai-22-betongrindis-uab-560x315.jpg 560w, https:\/\/betongrindis.lt\/wp-content\/uploads\/grindinys-betonavimas-statyba-pamatas-muras-geotermine-sildymo-sistema-inzineriniai-tinklai-22-betongrindis-uab-120x68.jpg 120w\" sizes=\"(max-width: 300px) 100vw, 300px\" \/><\/a>Jei pagrindas nepakankamai tvirtas, armuojama tinkleliu vienu ar dviem armat\u016bros sluoksniais. Tinklelio paskirtis &#8211; perimti nus\u0117dimo \u012ftempimus sukiet\u0117jusiame betone. 5\u201310 cm storio betoniniam sluoksniui geriausiai tinka metalinis cinkuotas 4-5 mm storio vielos armavimo tinklas, skirtas perdengimo konstrukcijai sustiprinti, tuo pat ir \u0161ildymo kabeliui pritvirtinti.<\/p>\n<p>Atstumui tarp izoliacijos ir armavimo tinklo su kabeliu i\u0161laikyti gerai tinka plastikiniai intarpai. Tai pigiausias kabelio montavimo b\u016bdas. Prie armavimo tinklo kabelis gali b\u016bti tvirtinamas plastikiniais dir\u017eeliais arba kitu parankiu b\u016bdu.<\/p>\n<h3>\u0160ildymo kabelio klojimas<\/h3>\n<p>Kabelis i\u0161d\u0117stomas ant armavimo tinklo ir lengvai pritvirtinamas, kad prireikus galima b\u016bt\u0173 nesud\u0117tingai pakeisti kabelio fiksavimo viet\u0105. \u012esitikinus, kad \u0161ildymo kabelis taisyklingai paklotas, jis galutinai pritvirtinamas. Taip pat tvirtinamos jungiamojo laido ir galin\u0117 movos.<\/p>\n<p>\u0160ildymo kabelis negali b\u016bti per arti termoizoliacijos pavir\u0161iaus. Taip pat kabelis neturi b\u016bti per stipriai priver\u017etas prie armavimo tinklo. Sujungimo ir galin\u0117 movos turi b\u016bti toje pa\u010dioje med\u017eiagoje kaip ir \u0161ildymo kabelis, j\u0173 negalima lankstyti, jos privalo b\u016bti pritvirtintos prie pagrindo.<\/p>\n","protected":false},"excerpt":{"rendered":"<p>Armavimas Jei pagrindas nepakankamai tvirtas, armuojama tinkleliu vienu ar dviem armat\u016bros sluoksniais. Tinklelio paskirtis &#8211; perimti nus\u0117dimo \u012ftempimus sukiet\u0117jusiame betone. 5\u201310 cm storio betoniniam sluoksniui geriausiai tinka metalinis cinkuotas 4-5 mm storio vielos armavimo tinklas, skirtas perdengimo konstrukcijai sustiprinti, tuo pat ir \u0161ildymo kabeliui pritvirtinti. Atstumui tarp izoliacijos ir armavimo tinklo su kabeliu i\u0161laikyti gerai [&hellip;]<\/p>\n","protected":false},"author":1,"featured_media":0,"parent":23,"menu_order":0,"comment_status":"closed","ping_status":"closed","template":"","meta":[],"aioseo_notices":[],"_links":{"self":[{"href":"https:\/\/betongrindis.lt\/en\/wp-json\/wp\/v2\/pages\/28"}],"collection":[{"href":"https:\/\/betongrindis.lt\/en\/wp-json\/wp\/v2\/pages"}],"about":[{"href":"https:\/\/betongrindis.lt\/en\/wp-json\/wp\/v2\/types\/page"}],"author":[{"embeddable":true,"href":"https:\/\/betongrindis.lt\/en\/wp-json\/wp\/v2\/users\/1"}],"replies":[{"embeddable":true,"href":"https:\/\/betongrindis.lt\/en\/wp-json\/wp\/v2\/comments?post=28"}],"version-history":[{"count":3,"href":"https:\/\/betongrindis.lt\/en\/wp-json\/wp\/v2\/pages\/28\/revisions"}],"predecessor-version":[{"id":6714,"href":"https:\/\/betongrindis.lt\/en\/wp-json\/wp\/v2\/pages\/28\/revisions\/6714"}],"up":[{"embeddable":true,"href":"https:\/\/betongrindis.lt\/en\/wp-json\/wp\/v2\/pages\/23"}],"wp:attachment":[{"href":"https:\/\/betongrindis.lt\/en\/wp-json\/wp\/v2\/media?parent=28"}],"curies":[{"name":"wp","href":"https:\/\/api.w.org\/{rel}","templated":true}]}}