{"id":30,"date":"2016-03-26T03:34:18","date_gmt":"2016-03-26T05:34:18","guid":{"rendered":"http:\/\/betongrindis.lt\/?page_id=30"},"modified":"2016-06-07T12:18:43","modified_gmt":"2016-06-07T10:18:43","slug":"polimerines-grindu-dangos","status":"publish","type":"page","link":"https:\/\/betongrindis.lt\/en\/modern-technologies\/polimerines-grindu-dangos\/","title":{"rendered":"Polymer flooring"},"content":{"rendered":"<p><a href=\"https:\/\/betongrindis.lt\/wp-content\/uploads\/betonavimas-grindinys-statyba-grindu-irengimas-visuomenines-paskirties-objektai-6-betongrindis-uab.jpg\" rel=\"lightbox[30]\"><img loading=\"lazy\" src=\"https:\/\/betongrindis.lt\/wp-content\/uploads\/betonavimas-grindinys-statyba-grindu-irengimas-visuomenines-paskirties-objektai-6-betongrindis-uab-300x169.jpg\" alt=\"Liejamos, poliruotos, grindys, \u012frengimas, Betongrindis, Klaip\u0117da, Lietuva\" width=\"300\" height=\"169\" class=\"alignright size-medium wp-image-3618\" srcset=\"https:\/\/betongrindis.lt\/wp-content\/uploads\/betonavimas-grindinys-statyba-grindu-irengimas-visuomenines-paskirties-objektai-6-betongrindis-uab-300x169.jpg 300w, https:\/\/betongrindis.lt\/wp-content\/uploads\/betonavimas-grindinys-statyba-grindu-irengimas-visuomenines-paskirties-objektai-6-betongrindis-uab.jpg 1024w, https:\/\/betongrindis.lt\/wp-content\/uploads\/betonavimas-grindinys-statyba-grindu-irengimas-visuomenines-paskirties-objektai-6-betongrindis-uab-810x456.jpg 810w, https:\/\/betongrindis.lt\/wp-content\/uploads\/betonavimas-grindinys-statyba-grindu-irengimas-visuomenines-paskirties-objektai-6-betongrindis-uab-560x315.jpg 560w, https:\/\/betongrindis.lt\/wp-content\/uploads\/betonavimas-grindinys-statyba-grindu-irengimas-visuomenines-paskirties-objektai-6-betongrindis-uab-120x68.jpg 120w\" sizes=\"(max-width: 300px) 100vw, 300px\" \/><\/a>Liejamos grindys &#8211; tai vienas i\u0161 pramonini\u0173 grind\u0173, kurioms keliami dideli mechaninio ir cheminio atsparumo, \u0161varumo ir pana\u0161\u016bs reikalavimai, klojimo b\u016bdas. Paprastai pramonin\u0117s grindys dengiamos ant betoninio pagrindo, o didelis grind\u0173 med\u017eiag\u0173 spalv\u0173 pasirinkimas leid\u017eia \u012fgyvendinti \u012fvairiausius dizaineri\u0173 sprendimus.<\/p>\n<p>Liejamos pramonin\u0117s grindys \u0161iandien sudaro rimt\u0105 konkurencij\u0105 tokioms dangoms, kaip pramoninis linoleumas ar keramin\u0117s plytel\u0117s, kurios anks\u010diau buvo tradici\u0161kai naudojamos pramoniniuose ir civiliniuose pastatuose.<\/p>\n<p>Bendru terminu \u201epolimeriniai&#8221; gali b\u016bti vadinama daug med\u017eiag\u0173, kurios turi tam b\u016btin\u0173 savybi\u0173 rinkin\u012f ir atitinka pramonin\u0117ms grindims keliamus reikalavimus: jos &#8211; patvarios, atsparios nusid\u0117v\u0117jimui, chemi\u0161kai atsparios agresyviems elementams (naudojant specialius papildus, galima pagaminti antistatines grindis), lengvai pri\u017ei\u016brimos ir pan. Liejamas grindis lengva pri\u017ei\u016br\u0117ti ir prireikus remontuoti. Jos taip pat patogios vykdant dalies grind\u0173 remont\u0105, remontuojant grind\u0173 dalis aplink \u012fvairius objektus, pvz. stakles.<\/p>\n<p>Pramonin\u0117s liejamos grindys nepakei\u010diamos gamyboje, kur keliami auk\u0161ti tikslumo ir surinkimo kokyb\u0117s reikalavimai, naudojami chemi\u0161kai aktyv\u016bs regentai ar patalpoms keliami didesni \u0161varos reikalavimai. Pavir\u0161iai visi\u0161kai nedulka, juos lengva valyti, atspar\u016bs tirpikliams ir r\u016bg\u0161tims, turi dielektrini\u0173 savybi\u0173 ir gali b\u016bti beveik bet kokios spalvos.<\/p>\n<h4>Liejamos grindys puikiai tinka:<\/h4>\n<ul>\n<li>aktyviausiuose technini\u0173 sto\u010di\u0173 baruose, mechaniniuose cechuose, sand\u0117liuose, kur naudojami automobiliniai krautuvai, elektrin\u0117se, chirurginiuose, mikroelektronikos skyriuose, m\u0117sos ir pieno pramon\u0117s objektuose ir kult\u016brin\u0117s buitin\u0117s paskirties patalpose<\/li>\n<li>monolitin\u0117s polimerin\u0117s liejamos grindys naudojamos maisto, medicinos, farmacijos, prekybos ir parod\u0173 sal\u0117se, mokyklose, ligonin\u0117se, biuruose, gara\u017euose<\/li>\n<\/ul>\n<p><a href=\"https:\/\/betongrindis.lt\/wp-content\/uploads\/betonavimas-grindinys-statyba-grindu-irengimas-visuomenines-paskirties-objektai-2-betongrindis-uab.jpg\" rel=\"lightbox[30]\"><img loading=\"lazy\" src=\"https:\/\/betongrindis.lt\/wp-content\/uploads\/betonavimas-grindinys-statyba-grindu-irengimas-visuomenines-paskirties-objektai-2-betongrindis-uab-300x169.jpg\" alt=\"Pramonin\u0117s grindys, deformacin\u0117s si\u016bl\u0117s, sporto sal\u0117, kompleksas, Betongrindis\" width=\"300\" height=\"169\" class=\"alignleft size-medium wp-image-3614\" srcset=\"https:\/\/betongrindis.lt\/wp-content\/uploads\/betonavimas-grindinys-statyba-grindu-irengimas-visuomenines-paskirties-objektai-2-betongrindis-uab-300x169.jpg 300w, https:\/\/betongrindis.lt\/wp-content\/uploads\/betonavimas-grindinys-statyba-grindu-irengimas-visuomenines-paskirties-objektai-2-betongrindis-uab.jpg 1024w, https:\/\/betongrindis.lt\/wp-content\/uploads\/betonavimas-grindinys-statyba-grindu-irengimas-visuomenines-paskirties-objektai-2-betongrindis-uab-810x456.jpg 810w, https:\/\/betongrindis.lt\/wp-content\/uploads\/betonavimas-grindinys-statyba-grindu-irengimas-visuomenines-paskirties-objektai-2-betongrindis-uab-560x315.jpg 560w, https:\/\/betongrindis.lt\/wp-content\/uploads\/betonavimas-grindinys-statyba-grindu-irengimas-visuomenines-paskirties-objektai-2-betongrindis-uab-120x68.jpg 120w\" sizes=\"(max-width: 300px) 100vw, 300px\" \/><\/a>Liejant dang\u0105, labai svarbus yra temperat\u016bros ir dr\u0117gm\u0117s re\u017eimas. Temperat\u016bra objekte turi b\u016bti ne ma\u017eesn\u0117, negu nurodyta technin\u0117je dokumentacijoje (paprastai ne ma\u017eiau +15 \u00b0\u0421). Per daug \u017eema temperat\u016bra pailgins chemin\u0117s reakcijos laik\u0105 ir l\u0117tins tek\u0117jim\u0105, o tai gali pareikalauti didesni\u0173 med\u017eiag\u0173 s\u0105naud\u0173 ir sugadinti bendr\u0105 dangos vaizd\u0105. Per daug auk\u0161ta temperat\u016bra skatina kiet\u0117jim\u0105, sutrumpina kompozicijos gyvavimo laik\u0105 ir neleid\u017eia sukurti nepriekai\u0161tingos pavir\u0161iaus dangos. Didel\u0117 oro dr\u0117gm\u0117, ma\u017e\u0117jant oro temperat\u016brai, gali paskatinti dr\u0117gm\u0117s kondensacij\u0105 ant liejamos dangos.<br \/>\nPolimerin\u0117s grindys skiriasi ne tik jungiam\u0105ja med\u017eiaga ir u\u017epildu, bet ir storiu, u\u017epildymo laipsniu. Pagal stor\u012f ir u\u017epildymo laipsn\u012f polimerin\u0117s sistemos skirstomos \u012f plonasluoksnes (storis iki 0,5 mm), savaime nusiniveliuojan\u010dias (storis iki 4 mm, u\u017epildymas pagal t\u016br\u012f iki 40 proc.) ir tankiai u\u017epildytas (storis iki 8 mm, u\u017epildymas pagal t\u016br\u012f iki 85 proc.).<\/p>\n<p>Epoksidin\u0117s dangos grindimsLabiausiai i\u0161plitusios jungiamosios med\u017eiagos yra epoksidin\u0117s, akrilin\u0117s, poliuretano ir polieterin\u0117s. Kadangi kiekvienos r\u016b\u0161ies jungiamosios med\u017eiagos pasi\u017eymi daugeliu savybi\u0173, tiksliai nustatyti kiekvienos r\u016b\u0161ies naudojimo ribas yra gan\u0117tinai sunku, tod\u0117l apsiribosime bendromis pastabomis:<\/p>\n<ul>\n<li>Dangos i\u0161 epoksidini\u0173 derv\u0173 pasi\u017eymi auk\u0161ta adhezija \u012fvairi\u0173 tip\u0173 pagrindams, cheminiu atsparumu, kietumu ir tvirtumu, bet yra ma\u017eai elastingos<\/li>\n<li>Dangos i\u0161 epoksidini\u0173 derv\u0173 pasi\u017eymi auk\u0161ta adhezija \u012fvairi\u0173 tip\u0173 pagrindams, cheminiu atsparumu, kietumu ir tvirtumu, bet yra ma\u017eai elastingos<\/li>\n<li>Dangos i\u0161 elastomerini\u0173 poliuretan\u0173 yra atsparios nusid\u0117v\u0117jimui, bet ne ma\u017eiau atsparios chemi\u0161kai ir sugeria daugiau dr\u0117gm\u0117s. Be to, tokias dangas sunkiau i\u0161lieti<\/li>\n<li>I\u0161 akrilini\u0173 derv\u0173 pagamintos grindys yra tarsi tarpinis variantas tarp epoksidini\u0173 ir poliuretanini\u0173 grind\u0173. Jos greitai kiet\u0117ja esant \u017eemai temperat\u016brai, atsparios \u0161iluminiams sm\u016bgiams ir UV spinduliams<\/li>\n<\/ul>\n<p><a href=\"https:\/\/betongrindis.lt\/wp-content\/uploads\/betonavimas-grindinys-statyba-grindu-irengimas-visuomenines-paskirties-objektai-5-betongrindis-uab.jpg\" rel=\"lightbox[30]\"><img loading=\"lazy\" src=\"https:\/\/betongrindis.lt\/wp-content\/uploads\/betonavimas-grindinys-statyba-grindu-irengimas-visuomenines-paskirties-objektai-5-betongrindis-uab-300x169.jpg\" alt=\"liejamosios, polimerin\u0117s, poliruotos grindys, \u012frengimas, Betongrindis UAB\" width=\"300\" height=\"169\" class=\"alignright size-medium wp-image-3617\" srcset=\"https:\/\/betongrindis.lt\/wp-content\/uploads\/betonavimas-grindinys-statyba-grindu-irengimas-visuomenines-paskirties-objektai-5-betongrindis-uab-300x169.jpg 300w, https:\/\/betongrindis.lt\/wp-content\/uploads\/betonavimas-grindinys-statyba-grindu-irengimas-visuomenines-paskirties-objektai-5-betongrindis-uab.jpg 1024w, https:\/\/betongrindis.lt\/wp-content\/uploads\/betonavimas-grindinys-statyba-grindu-irengimas-visuomenines-paskirties-objektai-5-betongrindis-uab-810x456.jpg 810w, https:\/\/betongrindis.lt\/wp-content\/uploads\/betonavimas-grindinys-statyba-grindu-irengimas-visuomenines-paskirties-objektai-5-betongrindis-uab-560x315.jpg 560w, https:\/\/betongrindis.lt\/wp-content\/uploads\/betonavimas-grindinys-statyba-grindu-irengimas-visuomenines-paskirties-objektai-5-betongrindis-uab-120x68.jpg 120w\" sizes=\"(max-width: 300px) 100vw, 300px\" \/><\/a>Pluonasluoksn\u0117s polimerin\u0117s dangos naudojamos siekiant u\u017ekirsti keli\u0105 dulk\u0117ms ir apsaugoti betonines ir cementines polimerines grindis nuo agresyvi\u0173 aplink\u0173 ir padaryti grindis puo\u0161nesnes. Plonasluoksn\u0117s sistemos nebrangios ir yra gan\u0117tinai i\u0161plitusios. D\u0117l ma\u017eo storio tokios grindys, laikui b\u0117gant, nutrinamos ir subrai\u017eomos, tod\u0117l, arba grindis turi veikti nedidel\u0117s mechanin\u0117s apkrovos, arba agresyvios med\u017eiagos neturi nuolat j\u0173 veikti. Prie\u0161ingu atveju, per nutrynimus ir \u012fply\u0161imus agresyvios med\u017eiagos gali pasiekti pagrind\u0105 ir prad\u0117ti j\u012f ardyti. Taip pat neverta tik\u0117tis, kad plonasluoksn\u0117s grindys tarnaus labai ilgai, ta\u010diau nedidel\u0117 j\u0173 kaina leid\u017eia jas periodi\u0161kai atnaujinti. \u0160iuo atveju svarbi pagrindo kokyb\u0117, lemianti eksploatacines grind\u0173 savybes. Paprastai plonasluoksn\u0117s grindys gaminamos i\u0161 epoksidini\u0173 derv\u0173 ir poliuretan\u0173.<\/p>\n<p>Plonasluoksni\u0173 grind\u0173 \u012frengimo technologija gan\u0117tinai paprasta. Po pagrindo i\u0161lyginimo prireikus glaistomi ir \u0161lifuojami. Palyginti didelis dangos storis leid\u017eia kompensuoti nedidelius pagrindo nelygumus. Didelis pradin\u0117s kompozicijos klampumas leid\u017eia atlikti monolitinius pri\u0161liejimus prie sien\u0173 ar kolon\u0173.<\/p>\n<p>Besi\u016bles grind\u0173 dangas gamina daug gamintoj\u0173 ir kiekviena i\u0161 j\u0173 turi \u012fvairi\u0173 tip\u0173 dang\u0173. Kiekvienu atveju reikia i\u0161siai\u0161kinti kuri yra tinkama j\u016bs\u0173 atvejui.<\/p>\n","protected":false},"excerpt":{"rendered":"<p>Liejamos grindys &#8211; tai vienas i\u0161 pramonini\u0173 grind\u0173, kurioms keliami dideli mechaninio ir cheminio atsparumo, \u0161varumo ir pana\u0161\u016bs reikalavimai, klojimo b\u016bdas. Paprastai pramonin\u0117s grindys dengiamos ant betoninio pagrindo, o didelis grind\u0173 med\u017eiag\u0173 spalv\u0173 pasirinkimas leid\u017eia \u012fgyvendinti \u012fvairiausius dizaineri\u0173 sprendimus. Liejamos pramonin\u0117s grindys \u0161iandien sudaro rimt\u0105 konkurencij\u0105 tokioms dangoms, kaip pramoninis linoleumas ar keramin\u0117s plytel\u0117s, kurios [&hellip;]<\/p>\n","protected":false},"author":1,"featured_media":0,"parent":23,"menu_order":0,"comment_status":"closed","ping_status":"closed","template":"","meta":[],"aioseo_notices":[],"_links":{"self":[{"href":"https:\/\/betongrindis.lt\/en\/wp-json\/wp\/v2\/pages\/30"}],"collection":[{"href":"https:\/\/betongrindis.lt\/en\/wp-json\/wp\/v2\/pages"}],"about":[{"href":"https:\/\/betongrindis.lt\/en\/wp-json\/wp\/v2\/types\/page"}],"author":[{"embeddable":true,"href":"https:\/\/betongrindis.lt\/en\/wp-json\/wp\/v2\/users\/1"}],"replies":[{"embeddable":true,"href":"https:\/\/betongrindis.lt\/en\/wp-json\/wp\/v2\/comments?post=30"}],"version-history":[{"count":0,"href":"https:\/\/betongrindis.lt\/en\/wp-json\/wp\/v2\/pages\/30\/revisions"}],"up":[{"embeddable":true,"href":"https:\/\/betongrindis.lt\/en\/wp-json\/wp\/v2\/pages\/23"}],"wp:attachment":[{"href":"https:\/\/betongrindis.lt\/en\/wp-json\/wp\/v2\/media?parent=30"}],"curies":[{"name":"wp","href":"https:\/\/api.w.org\/{rel}","templated":true}]}}