{"id":32,"date":"2016-03-26T03:39:58","date_gmt":"2016-03-26T05:39:58","guid":{"rendered":"http:\/\/betongrindis.lt\/?page_id=32"},"modified":"2025-05-22T10:44:56","modified_gmt":"2025-05-22T07:44:56","slug":"temperaturiniu-deformaciniu-siuliu","status":"publish","type":"page","link":"https:\/\/betongrindis.lt\/en\/modern-technologies\/thermal-deformation-seams\/","title":{"rendered":"Thermal-deformation seams"},"content":{"rendered":"<p><a href=\"https:\/\/betongrindis.lt\/wp-content\/uploads\/grindinys-betonavimas-betoniniai-takai-takeliai-logistika-krantine-9-betongrindis-uab.jpg\" rel=\"lightbox[32]\"><img loading=\"lazy\" src=\"https:\/\/betongrindis.lt\/wp-content\/uploads\/grindinys-betonavimas-betoniniai-takai-takeliai-logistika-krantine-9-betongrindis-uab-300x169.jpg\" alt=\"temperat\u016brin\u0117s, deformacin\u0117s si\u016bl\u0117s, \u012frengimas, pramonin\u0117s grindys, Betongrindis UAB\" width=\"300\" height=\"169\" class=\"alignright size-medium wp-image-3535\" srcset=\"https:\/\/betongrindis.lt\/wp-content\/uploads\/grindinys-betonavimas-betoniniai-takai-takeliai-logistika-krantine-9-betongrindis-uab-300x169.jpg 300w, https:\/\/betongrindis.lt\/wp-content\/uploads\/grindinys-betonavimas-betoniniai-takai-takeliai-logistika-krantine-9-betongrindis-uab.jpg 1024w, https:\/\/betongrindis.lt\/wp-content\/uploads\/grindinys-betonavimas-betoniniai-takai-takeliai-logistika-krantine-9-betongrindis-uab-810x456.jpg 810w, https:\/\/betongrindis.lt\/wp-content\/uploads\/grindinys-betonavimas-betoniniai-takai-takeliai-logistika-krantine-9-betongrindis-uab-560x315.jpg 560w, https:\/\/betongrindis.lt\/wp-content\/uploads\/grindinys-betonavimas-betoniniai-takai-takeliai-logistika-krantine-9-betongrindis-uab-120x68.jpg 120w\" sizes=\"(max-width: 300px) 100vw, 300px\" \/><\/a>\u201eBetongrindis\u201c UAB specialistai, taikydami pa\u017eangias technologijas, \u012frengia \u012fvairi\u0173 konstrukcini\u0173 sprendim\u0173 monolitines betonines grindis pramonin\u0117s paskirties patalpose. Grind\u0173 dangos konstrukciniai sprendimai priklauso nuo pastato paskirties, veikian\u010di\u0173 statini\u0173 ir dinamini\u0173 apkrov\u0173, architekt\u016brini\u0173 reikalavim\u0173, eksploatacini\u0173 s\u0105lyg\u0173 ir kit\u0173 veiksni\u0173. \u012erengin\u0117dami betonines grindis, patyr\u0119 bendrov\u0117s specialistai visada didel\u012f d\u0117mes\u012f skiria grind\u0173 \u012frengimo technologin\u0117ms operacijoms: pagrind\u0173 \u012frengimui, izoliacijos nuo sien\u0173, kolon\u0173, esam\u0173 pagrind\u0173 \u012frengimo darbams, armavimo, betono mi\u0161inio klojimo darbams, betono tankinimo bei jo prie\u017ei\u016bros kiet\u0117jimo metu darbams, tinkamai pasirinktos grind\u0173 dangos \u012frengimo darbams, temperat\u016brini\u0173 \u2013 deformacini\u0173 si\u016bli\u0173 \u012frengimui.<\/p>\n<p>Termo-deformacini\u0173 si\u016bli\u0173 profiliai naudojami didel\u0117s apimties betono grindims ar dangoms \u012frengti. Pagrindin\u0117 \u0161ios si\u016bl\u0117s funkcija &#8211; kompensuoti betono grind\u0173 (dang\u0173) poslinkius esant temperat\u016br\u0173 kaitai, kaip pagalbin\u0117 funkcija &#8211; lyginant beton\u0105 atstoja kreipian\u010di\u0105j\u0105 ir tarnauja kaip atskiriamoji juosta, baigiant dienos betonavimo darbus.<\/p>\n<p>Termo si\u016bl\u0117s susideda i\u0161 dviej\u0173 2,5 mm storio cinkuoto plieno omega tipo profili\u0173, sujungt\u0173 tarpusavyje plastmasiniais var\u017etais ar ver\u017el\u0117mis. Profiliai niveliuojami pagal sukaltus \u012f paruo\u0161t\u0105 pagrind\u0105 armat\u016bros strypus, kurie tvirtinami prie termo si\u016bli\u0173 profili\u0173. Taip i\u0161laikomas horizontalumas, reikiamas auk\u0161tis bei nuolydis. U\u017eliejus beton\u0105, profilis lieka jame, d\u0117l ko betono sluoksnis tampa dar stipresnis. Stingstant betonui, abu termo si\u016bl\u0117s profilio \u0161onai prikimba prie betono armat\u016brini\u0173 stryp\u0173 pagalba. Traukiantis betonui, termo si\u016bl\u0117 tarsi \u201eperply\u0161ta&#8221; i dvi dalis, nutraukdama plastmasinius var\u017etus ar ver\u017eles. Tokiu b\u016bdu atsiranda temperat\u016brinis deformacinis tarpas, kuris gali siekti net iki 15 mm. Tai gi esant temperat\u016briniams svyravimams, kurie veikia beton\u0105, jis nenutr\u016bksta temparat\u016brini\u0173 si\u016bli\u0173 pagalba.<\/p>\n<p>Panaudojus termo si\u016bli\u0173 profilius, atskiros betonini\u0173 grind\u0173 zonos \u012fgauna galimyb\u0119 poslinkiui horizontalioje plok\u0161tumoje skersine ir i\u0161ilgine kryptimi.<\/p>\n<p>Vertikalus betonini\u0173 grind\u0173 poslinkis apribojamas d\u0117ka labai tiksli\u0173 omega profili\u0173 geometrin\u0117s formos ir prie j\u0173 privirint\u0173 armat\u016bros stryp\u0173, kurie integruojasi \u012f beton\u0105. Lygi abiej\u0173 omega profili\u0173 vir\u0161utin\u0117 briauna saugo betono kra\u0161tus nuo trup\u0117jimo eksploatacijos metu. Vis\u0105 apkrov\u0105 priima temperat\u016brin\u0117s si\u016bl\u0117s vir\u0161utin\u0117s briaunas, o ne betono kra\u0161tai. Nenaudojant temperat\u016brini\u0173 si\u016bli\u0173, o pjaustant beton\u0105 \u012fprastu b\u016bdu, po keli\u0173 m\u0117nesi\u0173 eksploatacijos, galima pasteb\u0117ti i\u0161trup\u0117jimus ties pjovimo vieta. Kaip viena i\u0161 termo si\u016bli\u0173 funkcij\u0173 &#8211; tolygus apkrov\u0173 paskirstymas \u012f beton\u0105, kas aktualu, kai \u0161iomis grindimis va\u017eiuoja sunkiasvor\u0117 technika.<\/p>\n<h4>Deformacini\u0173 ir temperat\u016brini\u0173 si\u016bli\u0173 sprendimai<\/h4>\n<p><a href=\"https:\/\/betongrindis.lt\/wp-content\/uploads\/polimerinis-grindinys-betonavimas-poliruotu-grindu-irengimas-1-betongrindis-uab.jpg\" rel=\"lightbox[32]\"><img loading=\"lazy\" src=\"https:\/\/betongrindis.lt\/wp-content\/uploads\/polimerinis-grindinys-betonavimas-poliruotu-grindu-irengimas-1-betongrindis-uab-300x169.jpg\" alt=\"Deformacin\u0117s ir temperat\u016brin\u0117s si\u016bl\u0117s, svarba, \u012frengimas, Betongrindis\" width=\"300\" height=\"169\" class=\"alignleft size-medium wp-image-3582\" srcset=\"https:\/\/betongrindis.lt\/wp-content\/uploads\/polimerinis-grindinys-betonavimas-poliruotu-grindu-irengimas-1-betongrindis-uab-300x169.jpg 300w, https:\/\/betongrindis.lt\/wp-content\/uploads\/polimerinis-grindinys-betonavimas-poliruotu-grindu-irengimas-1-betongrindis-uab.jpg 1024w, https:\/\/betongrindis.lt\/wp-content\/uploads\/polimerinis-grindinys-betonavimas-poliruotu-grindu-irengimas-1-betongrindis-uab-810x456.jpg 810w, https:\/\/betongrindis.lt\/wp-content\/uploads\/polimerinis-grindinys-betonavimas-poliruotu-grindu-irengimas-1-betongrindis-uab-560x315.jpg 560w, https:\/\/betongrindis.lt\/wp-content\/uploads\/polimerinis-grindinys-betonavimas-poliruotu-grindu-irengimas-1-betongrindis-uab-120x68.jpg 120w\" sizes=\"(max-width: 300px) 100vw, 300px\" \/><\/a>Gerai suprojektuotame ir \u012frengtame statinyje kiekvienas konstrukcinis elementas \u201etyliai\u201c atlieka savo funkcij\u0105, ta\u010diau jei kuriame nors darb\u0173 etape buvo padaryta klaida, gali kilti daug nepatogum\u0173, o kartais \u2013 ir pavoj\u0173. Vieni i\u0161 labai svarbi\u0173 konstrukcini\u0173 element\u0173 \u2013 deformacin\u0117s ir temperat\u016brin\u0117s si\u016bl\u0117s, absorbuojan\u010dios ir suma\u017einan\u010dios \u012fvairi\u0173 apkrov\u0173 poveik\u012f statiniui, taip pat ma\u017einan\u010dios vidinius konstrukcij\u0173 \u012ftempimu.<\/p>\n<h5>Si\u016bli\u0173 tipai<\/h5>\n<p>Deformacin\u0117s si\u016bl\u0117s \u012fgalina konstrukcij\u0173 t\u016brio pokyt\u012f tarp konstrukcini\u0173 element\u0173, panaikina \u012ftempimus ir leid\u017eia kiekvienam elementui jud\u0117ti individualiai ir nevar\u017eomai.<br \/>\nTemperat\u016brini\u0173 (susitraukimo) si\u016bli\u0173 paskirtis \u2212 su-skirstyti didelio ploto konstrukcijas \u012f ma\u017eiau \u012ftemptus plotus, taip kontroliuojant ir numatant tr\u016bki\u0173 vietas.<\/p>\n<h5>Si\u016bli\u0173 \u012frengimo svarba<\/h5>\n<p>Netinkamai \u012frengus si\u016bles, statinio konstrukcijoje d\u0117l \u012fvairiausi\u0173 apkrov\u0173 atsirad\u0119 \u012ftr\u016bkiai gali jas susilpninti. Pro \u012ftr\u016bkius besiskverbianti dr\u0117gm\u0117 tiesiogiai veikia metalines konstrukcij\u0173 dalis, atsiranda korozijos \u017eidini\u0173, susilpn\u0117ja projektinis stiprumas, tod\u0117l smarkiai padid\u0117ja avarij\u0173 tikimyb\u0117. Ne\u012frengus deformacini\u0173 si\u016bli\u0173, absorbuojan\u010di\u0173 ar kompensuojan\u010di\u0173 pastat\u0173 jud\u0117jim\u0105, ken\u010dia silpnesn\u0117s konstrukcij\u0173 vietos: nuolat skilin\u0117ja langai, judant pastatui pa\u017eeid\u017eiama ir i\u0161or\u0117s, ir vidaus apdaila. Atsirad\u0119 ply\u0161iai, dr\u0117gm\u0117 sienose, elektros instaliacijos pa\u017eeidimai \u2013 tai tik keletas padarini\u0173, sukelian\u010di\u0173 problemas, ku-rioms spr\u0119sti nuolat reikia papildom\u0173 ir nema\u017e\u0173 i\u0161laid\u0173.<\/p>\n<h5>Si\u016bli\u0173 u\u017ebaigimas<\/h5>\n<p>Skirting\u0173 tip\u0173 statiniuose \u012frengtos deformacin\u0117s ar temperat\u016brin\u0117s si\u016bl\u0117s taip pat skiriasi savo specifikair joms keliamais reikalavimais. Atsi\u017evelgiant \u012f statini\u0173 paskirt\u012f ir j\u0173 konstrukcij\u0173 sandar\u0105, si\u016bl\u0117s turi b\u016bti tinkamai u\u017ebaigtos ir apsaugotos. Pasirenkant si\u016bli\u0173 sandarinimo med\u017eiagas, reikia \u012fvertinti, kad si\u016bles veikia tie patys i\u0161or\u0117s veiksniai, kaip ir plok\u0161tumas, kuriose jos \u012frengtos:<\/p>\n<ul>\n<li>temperat\u016br\u0173 kaita<\/li>\n<li>UV spinduliuot\u0117s poveikis<\/li>\n<li>atmosferiniai krituliai (sniegas, lietus)<\/li>\n<li>konstrukcij\u0173 jud\u0117jimas d\u0117l \u012fvairi\u0173 veiksni\u0173: pamat\u0173 s\u0117dimo, grunto t\u016brio kitimo, v\u0117jo, sniego apkrov\u0173, konstrukcini\u0173 med\u017eiag\u0173 t\u016brio kitimo<\/li>\n<li>p\u0117s\u010di\u0173j\u0173 ir transporto eismas pavir\u0161iumi<\/li>\n<li>\u012fvairi\u0173 veiksni\u0173 sukeltos vibracijos<\/li>\n<\/ul>\n<p>Jei si\u016bl\u0117 siaura (ma\u017eiau kaip 10 mm), vienas i\u0161 galim\u0173 jos apsaugos b\u016bd\u0173 \u2013 sandarinimas polimerine mastika. Ta\u010diau polimerin\u0117s mastikos n\u0117ra ilgaam\u017e\u0117s, d\u0117l daugkartini\u0173 grind\u0173 susitraukim\u0173 ar i\u0161sipl\u0117tim\u0173 arba UV spinduliuot\u0117s poveikio jos greitai suyra, be to, neapsaugo si\u016bli\u0173 kra\u0161t\u0173 nuo skilin\u0117jim\u0173 veikiant apkrovoms, tod\u0117l ilgainiui praranda sandarum\u0105 ir estetin\u0119 i\u0161vaizd\u0105. <\/p>\n<p>Jei statinyje reikia platesn\u0117s si\u016bl\u0117s, polimerines mastikas naudoti netikslinga, nes \u0161ios neatsparios gniu\u017edymui. Kad si\u016bl\u0117s, veikiamos i\u0161vardyt\u0173 veiksni\u0173, tinkamai atlikt\u0173 savo funkcij\u0105 ir netrukdyt\u0173 statini\u0173 eksploatacijai, joms apsaugoti naudojami specializuoti profiliai.<\/p>\n<p>Atsi\u017evelgiant\u012f aplink\u0105, kurioje yra si\u016bl\u0117, profili\u0173 sud\u0117tin\u0117s med\u017eiagos ir konstrukcija parenkama taip, kad atlaikyt\u0173 tai aplinkai b\u016bdingas apkrovas ir poveikius. Esant poreikiui, \u0161iems gaminiams perforuojamos skyl\u0117s armat\u016brai praverti.<\/p>\n","protected":false},"excerpt":{"rendered":"<p>\u201eBetongrindis\u201c UAB specialistai, taikydami pa\u017eangias technologijas, \u012frengia \u012fvairi\u0173 konstrukcini\u0173 sprendim\u0173 monolitines betonines grindis pramonin\u0117s paskirties patalpose. Grind\u0173 dangos konstrukciniai sprendimai priklauso nuo pastato paskirties, veikian\u010di\u0173 statini\u0173 ir dinamini\u0173 apkrov\u0173, architekt\u016brini\u0173 reikalavim\u0173, eksploatacini\u0173 s\u0105lyg\u0173 ir kit\u0173 veiksni\u0173. \u012erengin\u0117dami betonines grindis, patyr\u0119 bendrov\u0117s specialistai visada didel\u012f d\u0117mes\u012f skiria grind\u0173 \u012frengimo technologin\u0117ms operacijoms: pagrind\u0173 \u012frengimui, izoliacijos nuo sien\u0173, [&hellip;]<\/p>\n","protected":false},"author":1,"featured_media":0,"parent":23,"menu_order":0,"comment_status":"closed","ping_status":"closed","template":"","meta":[],"aioseo_notices":[],"_links":{"self":[{"href":"https:\/\/betongrindis.lt\/en\/wp-json\/wp\/v2\/pages\/32"}],"collection":[{"href":"https:\/\/betongrindis.lt\/en\/wp-json\/wp\/v2\/pages"}],"about":[{"href":"https:\/\/betongrindis.lt\/en\/wp-json\/wp\/v2\/types\/page"}],"author":[{"embeddable":true,"href":"https:\/\/betongrindis.lt\/en\/wp-json\/wp\/v2\/users\/1"}],"replies":[{"embeddable":true,"href":"https:\/\/betongrindis.lt\/en\/wp-json\/wp\/v2\/comments?post=32"}],"version-history":[{"count":1,"href":"https:\/\/betongrindis.lt\/en\/wp-json\/wp\/v2\/pages\/32\/revisions"}],"predecessor-version":[{"id":6712,"href":"https:\/\/betongrindis.lt\/en\/wp-json\/wp\/v2\/pages\/32\/revisions\/6712"}],"up":[{"embeddable":true,"href":"https:\/\/betongrindis.lt\/en\/wp-json\/wp\/v2\/pages\/23"}],"wp:attachment":[{"href":"https:\/\/betongrindis.lt\/en\/wp-json\/wp\/v2\/media?parent=32"}],"curies":[{"name":"wp","href":"https:\/\/api.w.org\/{rel}","templated":true}]}}