{"id":34,"date":"2016-03-26T03:47:27","date_gmt":"2016-03-26T05:47:27","guid":{"rendered":"http:\/\/betongrindis.lt\/?page_id=34"},"modified":"2025-05-22T18:36:41","modified_gmt":"2025-05-22T15:36:41","slug":"hidroizoliacija-atsparumas-dilumui","status":"publish","type":"page","link":"https:\/\/betongrindis.lt\/en\/modern-technologies\/waterproofing-abrasion-resistance\/","title":{"rendered":"Waterproofing, abrasion resistance"},"content":{"rendered":"<p><a href=\"https:\/\/betongrindis.lt\/wp-content\/uploads\/grindinys-betonavimas-betoniniai-takai-takeliai-logistika-krantine-10-betongrindis-uab.jpg\" rel=\"lightbox[34]\"><img loading=\"lazy\" src=\"https:\/\/betongrindis.lt\/wp-content\/uploads\/grindinys-betonavimas-betoniniai-takai-takeliai-logistika-krantine-10-betongrindis-uab-300x169.jpg\" alt=\"Pramonin\u0117s grindys, hidroizoliacija, atsparumas dilumui betono apsauga, stipris, Betongrindis\" width=\"300\" height=\"169\" class=\"alignright size-medium wp-image-3536\" srcset=\"https:\/\/betongrindis.lt\/wp-content\/uploads\/grindinys-betonavimas-betoniniai-takai-takeliai-logistika-krantine-10-betongrindis-uab-300x169.jpg 300w, https:\/\/betongrindis.lt\/wp-content\/uploads\/grindinys-betonavimas-betoniniai-takai-takeliai-logistika-krantine-10-betongrindis-uab.jpg 1024w, https:\/\/betongrindis.lt\/wp-content\/uploads\/grindinys-betonavimas-betoniniai-takai-takeliai-logistika-krantine-10-betongrindis-uab-810x456.jpg 810w, https:\/\/betongrindis.lt\/wp-content\/uploads\/grindinys-betonavimas-betoniniai-takai-takeliai-logistika-krantine-10-betongrindis-uab-560x315.jpg 560w, https:\/\/betongrindis.lt\/wp-content\/uploads\/grindinys-betonavimas-betoniniai-takai-takeliai-logistika-krantine-10-betongrindis-uab-120x68.jpg 120w\" sizes=\"(max-width: 300px) 100vw, 300px\" \/><\/a>Ma\u0161in\u0173 stov\u0117jimo aik\u0161tel\u0117ms, esan\u010dioms lauke, pramonin\u0117ms grindims, pastoviai ar periodi\u0161kai veikiamoms dr\u0117gnos bei chemi\u0161kai aktyvios aplinkos, ar net didelio ploto rezervuar\u0173 dugnams naudotini sausi mineraliniai pabarstai, suteikiantys giluminio poveikio betono hidroizoliacij\u0105 kristalizacijos b\u016bdu. \u0160ie pabarstai yra dengiami ant \u0161vie\u017eiai sukloto betono, laikantis tos pa\u010dios technologijos kaip ir dengiant pabarstus, suteikian\u010dius atsparum\u0105 dilumui, bei gali b\u016bti tiekiami \u012fvairi\u0173 atspalvi\u0173. Pabarstams gavus dr\u0117gm\u0119 i\u0161 \u0161vie\u017eiai sukloto betono mi\u0161inio vandens, j\u0173 sud\u0117tyje esan\u010dios aktyviosios chemin\u0117s med\u017eiagos jon\u0173 pavidalu migruoja gilyn betono mi\u0161iniu. \u0160ios migracijos metu vyksta du pagrindiniai procesai: cemento hidratacija ir betono hidroizoliavimas d\u0117l kristal\u0173 formavimosi.<br \/>\nKristalizacija vyksta aktyviems cheminiams junginiams reaguojant su cemento hidratacijos produktais. Taigi, naudojant pabarstus su kristalin\u0117s hidroizoliacijos med\u017eiagomis, j\u0173 i\u0161skirtini\u0173 savybi\u0173 d\u0117ka i\u0161sprend\u017eiama keletas problem\u0173:<\/p>\n<ul>\n<li>U\u017etikrinama ilgalaik\u0117 betono apsauga nuo ardan\u010dio \u0161ilimo\/\u0161alimo cikl\u0173 poveikio<\/li>\n<li>U\u017etikrinama ilgalaik\u0117 betono apsauga nuo \u017ealingo daugumos chemini\u0173 aplink\u0173 poveikio<\/li>\n<li>Padidinamas betono mechaninis stipris<\/li>\n<li>D\u0117ka speciali\u0173, atsprum\u0105 dilimui didinan\u010di\u0173 pried\u0173 gaunamas pavir\u0161iaus kietumas, pakankamas esant vidutin\u0117ms ir lengvoms grind\u0173 apkrovoms<\/li>\n<\/ul>\n<p>Tai yra nekenksmingos chemin\u0117s med\u017eiagos, kurios visam laikui hidroizoliuoja beton\u0105, apsaugant j\u012f nuo vandens ar agresyvi\u0173 chemini\u0173 jungini\u0173 \u012fsiskverbimo i\u0161 bet kurios krypties. Nors betonui pasiekus projektin\u012f stipr\u012f, grindys tampa nelaid\u017eios vandeniui visu gyliu (kristalai formuojasi iki 30cm), ta\u010diau grindims eksploatacijos metu gavus dr\u0117m\u0117s (d\u0117l padid\u0117jusio gruntinio vandens sl\u0117gio, atsiradusi\u0173 mikro\u012ftr\u016bkim\u0173 ir pan.) hidroizoliacinis efektas dar daugiau padid\u0117ja, o atsirad\u0119 mikroply\u0161iai u\u017esandarinami.<\/p>\n<p><a href=\"https:\/\/betongrindis.lt\/wp-content\/uploads\/perdangu-betonavimas-daugiaaukscio-daugiabucio-namo-statyba-grindu-irengimas-13-betongrindis-uab.jpg\" rel=\"lightbox[34]\"><img loading=\"lazy\" src=\"https:\/\/betongrindis.lt\/wp-content\/uploads\/perdangu-betonavimas-daugiaaukscio-daugiabucio-namo-statyba-grindu-irengimas-13-betongrindis-uab-300x169.jpg\" alt=\"Pramonin\u0117s grindys, \u012frengimas, u\u017etrynimas, daugiaauk\u0161tis, parkingas, Betongrindis, Klaip\u0117da, Lietuva\" width=\"300\" height=\"169\" class=\"alignleft size-medium wp-image-3600\" srcset=\"https:\/\/betongrindis.lt\/wp-content\/uploads\/perdangu-betonavimas-daugiaaukscio-daugiabucio-namo-statyba-grindu-irengimas-13-betongrindis-uab-300x169.jpg 300w, https:\/\/betongrindis.lt\/wp-content\/uploads\/perdangu-betonavimas-daugiaaukscio-daugiabucio-namo-statyba-grindu-irengimas-13-betongrindis-uab.jpg 1024w, https:\/\/betongrindis.lt\/wp-content\/uploads\/perdangu-betonavimas-daugiaaukscio-daugiabucio-namo-statyba-grindu-irengimas-13-betongrindis-uab-810x456.jpg 810w, https:\/\/betongrindis.lt\/wp-content\/uploads\/perdangu-betonavimas-daugiaaukscio-daugiabucio-namo-statyba-grindu-irengimas-13-betongrindis-uab-560x315.jpg 560w, https:\/\/betongrindis.lt\/wp-content\/uploads\/perdangu-betonavimas-daugiaaukscio-daugiabucio-namo-statyba-grindu-irengimas-13-betongrindis-uab-120x68.jpg 120w\" sizes=\"(max-width: 300px) 100vw, 300px\" \/><\/a>Nuo \u012ftrynimo diskine trintuve lygio priklausys, kokio \u0161iurk\u0161tumo pavir\u0161ius bus i\u0161gautas. D\u0117l panaudotos \u012ftrynimo technologijos vir\u0161utinis grind\u0173 sluoksnis \u012fgauna didesn\u012f stipr\u012f ir atsparum\u0105 dilumui negu apatiniai betono sluoksniai, kartu suteikiama gilumin\u0117 hidroizoliacija ir atsparumas chemin\u0117ms med\u017eiagoms (naftos produktai, tepalai, \u017eiem\u0105 ant keli\u0173 dangos laistomi chloridai). Tokiu b\u016bdu, esant daugiaauk\u0161t\u0117ms stov\u0117jimo aik\u0161tel\u0117ms ar kitiems statiniams, papildoma horizontali hidroizoliacija pasidaro neb\u016btina. Pabarstus patartina naudoti, betonuojant grindis ant pagrindo, esan\u010dio \u017eemiau gruntinio vandens lygio. Tokiu b\u016bdu panaikinamas pavojus, jog, veikiant gruntiniam vandeniui, dr\u0117gm\u0117 prasiskverbs \u012f pavir\u0161i\u0173 ar atpl\u0117\u0161 vir\u0161utinius grind\u0173 dangos sluoksnius, kaip atsitinka, naudojant polimerines grind\u0173 dangas.<\/p>\n<p>Pramonin\u0117s paskirties statini\u0173 grindims, daugiau veikiamoms mechanini\u0173 apkrov\u0173, naudojami mineraliniai pabarstai, suteikiantys betono pavir\u0161iui didel\u012f kietum\u0105 ir atsparum\u0105 dilumui. \u0160ie pabarstai, pagal grindims suteikiam\u0105 dilum\u0105, yra skirstomi \u012f:<\/p>\n<ul>\n<li>mineraliniai pabarstai, skirti pramonin\u0117ms grindims, veikiamoms lengv\u0173 apkrov\u0173<\/li>\n<li>mineraliniai pabarstai, skirti pramonin\u0117ms grindims, veikiamoms vidutini\u0173 apkrov\u0173<\/li>\n<li>mineraliniai pabarstai, skirti pramonin\u0117ms grindims, veikiamoms sunki\u0173 apkrov\u0173<\/li>\n<\/ul>\n<p>Tiek mineraliniai pabarstai, tiek pabarstai su metaliniais priedais barstomi ant \u0161vie\u017eiai sukloto betono mi\u0161inio. Ruo\u0161iant \u0161\u012f mi\u0161in\u012f, nerekomenduojama naudoti plastikli\u0173 lignosulfonat\u0173, kuri\u0173 sud\u0117tyje yra daugiau kaip 5% cukraus, pagrindu. Ta\u010diau mi\u0161inys gali b\u016bti dispersi\u0161kai armuotas bet kokiu plau\u0161u. Papildomas pabarst\u0173 paruo\u0161imas, prie\u0161 juos naudojant, n\u0117ra reikalingas. Jie tolygiai beriami ant grind\u0173 betono mi\u0161inio pavir\u0161iaus, sutankinto su vibrosija, pra\u0117jus 1,5-3 valandoms nuo jo suklojimo. \u0160is laiko tarpas priklauso nuo aplinkos temperat\u016bros ir gali b\u016bti ilgesnis. Pabarstus barstyti galima rankiniu b\u016bdu, ta\u010diau prakti\u0161kiau naudoti specialius mechaninius dozatorius, kurie u\u017etikrina tolyg\u0173 pabarst\u0173 paskleidim\u0105. Nuo sklaidos tolygumo priklausys dangos kokyb\u0117. Reikiamas pabarst\u0173 kiekis gali b\u016bti suklojamas per du kartus: u\u017eb\u0117rus pus\u0119 reikiamos i\u0161eigos, pavir\u0161ius i\u0161lyginamas trintuve, palaukiama kol milteliai sudr\u0117ks nuo mi\u0161inio vandens, paskui beriamas kitas kiekis. Svarbu pabarstus sukloti, prie\u0161 pradedant kiet\u0117ti betono mi\u0161iniui. Prie\u0161ingu atveju, atsiranda pabarst\u0173 sluoksnio atsiskyrimo nuo betono pavojus.<\/p>\n<p>Kuomet ant pavir\u0161iaus galima vaik\u0161\u010dioti, pabarstai toliau apdirbami mechanin\u0117mis trintuv\u0117mis. Rankinis trynimas galimas tik grind\u0173 kra\u0161tuose ar esant ma\u017eiems plotams. Gerai \u012ftrinti pabarstai sudaro matin\u012f arba blizgant\u012f pavir\u0161i\u0173.<\/p>\n<p><a href=\"https:\/\/betongrindis.lt\/wp-content\/uploads\/perdanga-betonavimas-daugiaaukstis-parkingas-verslo-centra-zalgirio-94-statyba-grindu-irengimas-betongrindis-uab-01.jpg\" rel=\"lightbox[34]\"><img loading=\"lazy\" src=\"https:\/\/betongrindis.lt\/wp-content\/uploads\/perdanga-betonavimas-daugiaaukstis-parkingas-verslo-centra-zalgirio-94-statyba-grindu-irengimas-betongrindis-uab-01-300x169.jpg\" alt=\"Daugiaauk\u0161t\u0117 automobili\u0173 saugojimo aik\u0161tel\u0117, grind\u0173 betonavimas, \u012frengimas, pabarstai, naudojimas, technologija, hidroizoliacija, atsparumas dilumui, Betongrindis UAB\" width=\"300\" height=\"169\" class=\"alignright size-medium wp-image-3640\" srcset=\"https:\/\/betongrindis.lt\/wp-content\/uploads\/perdanga-betonavimas-daugiaaukstis-parkingas-verslo-centra-zalgirio-94-statyba-grindu-irengimas-betongrindis-uab-01-300x169.jpg 300w, https:\/\/betongrindis.lt\/wp-content\/uploads\/perdanga-betonavimas-daugiaaukstis-parkingas-verslo-centra-zalgirio-94-statyba-grindu-irengimas-betongrindis-uab-01.jpg 1024w, https:\/\/betongrindis.lt\/wp-content\/uploads\/perdanga-betonavimas-daugiaaukstis-parkingas-verslo-centra-zalgirio-94-statyba-grindu-irengimas-betongrindis-uab-01-810x456.jpg 810w, https:\/\/betongrindis.lt\/wp-content\/uploads\/perdanga-betonavimas-daugiaaukstis-parkingas-verslo-centra-zalgirio-94-statyba-grindu-irengimas-betongrindis-uab-01-560x315.jpg 560w, https:\/\/betongrindis.lt\/wp-content\/uploads\/perdanga-betonavimas-daugiaaukstis-parkingas-verslo-centra-zalgirio-94-statyba-grindu-irengimas-betongrindis-uab-01-120x68.jpg 120w\" sizes=\"(max-width: 300px) 100vw, 300px\" \/><\/a>Dilumui atsparus sluoksnis mineralini\u0173 med\u017eiag\u0173 pagrind\u0173 gali b\u016bti dengiamas ir jau ant esam\u0173 betonini\u0173 grind\u0173. Tam naudojamas didelio slankumo mi\u0161inys (120-160mm), kurio sud\u0117tyje yra dilum\u0105 ma\u017einan\u010di\u0173 u\u017epild\u0173 ir plau\u0161o, dispersiniui armavimui. \u0160i grind\u0173 danga naudojama, remontuojant senas betonines grindis arba norint padidinti esam\u0173 grind\u0173 atsparum\u0105 dilumui (pvz., pasikeitus eksploatavimo s\u0105lygoms). Dangos sluoksnio ma\u017eiausias storis yra 12mm, atsparumas gniu\u017edymui po 28 par\u0173- 60 MPa, atsparumas \u0161al\u010dio poveikiui- F100. D\u0117l \u0161i\u0173 savybi\u0173 danga gali b\u016bti dengiama tiek lauke, tiek viduje. Prie\u0161 betonuojant ma\u017eo dilumo sluoksn\u012f, pagrindas tinkamai paruo\u0161iamas: susl\u0117gto vandens srove nuvalomi ne\u0161varumai, jeigu reikia, u\u017ene\u0161amas sukibim\u0105 gerinantis sluoksnis. Pagrindas suskirstomas  sekcijomis, atkartojant temperat\u016brines ir deformacines si\u016bles. Suklotas mi\u0161inys sutankinamas vibrosija, kurios galai remiasi ant kreipian\u010di\u0173j\u0173. Sluoksn\u012f i\u0161lyginti galima ir su lyginimo lenta, mi\u0161in\u012f v\u0117liau sutankinant pavir\u0161iniu tankintuvu. Dangai pasiekus pradin\u012f stipr\u012f, pavir\u0161ius apdirbamas mechanine arba rankine trintuve.<\/p>\n<h5>I\u0161vados:<\/h5>\n<p>Renkantis grind\u0173 dang\u0105, b\u016btina i\u0161nagrin\u0117ti b\u016bsimus poveikius eksploatavimo metu: cheminis poveikis, apkrovos nuo mechanizm\u0173, apkrovos nuo krovini\u0173, atmosferinis poveikis ar p\u0117s\u010di\u0173j\u0173 srautai.<br \/>\nMineraliniai ir hidroizoliaciniai pabarstai naudojami tik betonuojant naujas grindis, o epoksidin\u0117s dervos ir atsparus dilumui sluoksnis dengiami tiek ant remontuojam\u0173 grind\u0173, tiek norint sustiprinti esamas grindis.<\/p>\n<p>Grindis, esan\u010dias \u017eemiau gruntinio vandens lygio ar veikiamas atmosferio poveikio, dr\u0117gm\u0117s, i\u0161siskirian\u010dios gamybos metu, pieno r\u016bg\u0161ties, chloridams, naftos produktams, patartina dengti su hidroizoliaciniais pabarstais mineraliniu pagrindu.<\/p>\n<p>Pasirenkama labiausiai atitinkanti eksploatacinius ir ekonominius reikalavimus danga.<\/p>\n","protected":false},"excerpt":{"rendered":"<p>Ma\u0161in\u0173 stov\u0117jimo aik\u0161tel\u0117ms, esan\u010dioms lauke, pramonin\u0117ms grindims, pastoviai ar periodi\u0161kai veikiamoms dr\u0117gnos bei chemi\u0161kai aktyvios aplinkos, ar net didelio ploto rezervuar\u0173 dugnams naudotini sausi mineraliniai pabarstai, suteikiantys giluminio poveikio betono hidroizoliacij\u0105 kristalizacijos b\u016bdu. \u0160ie pabarstai yra dengiami ant \u0161vie\u017eiai sukloto betono, laikantis tos pa\u010dios technologijos kaip ir dengiant pabarstus, suteikian\u010dius atsparum\u0105 dilumui, bei gali b\u016bti [&hellip;]<\/p>\n","protected":false},"author":1,"featured_media":0,"parent":23,"menu_order":0,"comment_status":"closed","ping_status":"closed","template":"","meta":[],"aioseo_notices":[],"_links":{"self":[{"href":"https:\/\/betongrindis.lt\/en\/wp-json\/wp\/v2\/pages\/34"}],"collection":[{"href":"https:\/\/betongrindis.lt\/en\/wp-json\/wp\/v2\/pages"}],"about":[{"href":"https:\/\/betongrindis.lt\/en\/wp-json\/wp\/v2\/types\/page"}],"author":[{"embeddable":true,"href":"https:\/\/betongrindis.lt\/en\/wp-json\/wp\/v2\/users\/1"}],"replies":[{"embeddable":true,"href":"https:\/\/betongrindis.lt\/en\/wp-json\/wp\/v2\/comments?post=34"}],"version-history":[{"count":1,"href":"https:\/\/betongrindis.lt\/en\/wp-json\/wp\/v2\/pages\/34\/revisions"}],"predecessor-version":[{"id":6715,"href":"https:\/\/betongrindis.lt\/en\/wp-json\/wp\/v2\/pages\/34\/revisions\/6715"}],"up":[{"embeddable":true,"href":"https:\/\/betongrindis.lt\/en\/wp-json\/wp\/v2\/pages\/23"}],"wp:attachment":[{"href":"https:\/\/betongrindis.lt\/en\/wp-json\/wp\/v2\/media?parent=34"}],"curies":[{"name":"wp","href":"https:\/\/api.w.org\/{rel}","templated":true}]}}