{"id":36,"date":"2016-03-26T04:58:59","date_gmt":"2016-03-26T06:58:59","guid":{"rendered":"http:\/\/betongrindis.lt\/?page_id=36"},"modified":"2020-06-05T13:52:49","modified_gmt":"2020-06-05T10:52:49","slug":"kontaktai","status":"publish","type":"page","link":"https:\/\/betongrindis.lt\/en\/contacts\/","title":{"rendered":"Contacts"},"content":{"rendered":"Company operates in the north-western Lithuania. Office located in Klaip\u0117da, Lithuania which is the leading port city of Baltic states.<br \/>\nPlease contact us in written and we will be glad to give you a quote or a consultation.<br \/>\nWe are in open discussion for B2B and constructive proposals for cooperation.<\/p>\n<section class=\"columns no-bottom-margin\">\n<article class=\"col col2\">\n<h2>BETONGRINDIS UAB<\/h2>\n<table class=\"table\">\n<tbody>\n<tr class=\"tr\">\n<td class=\"td\">Address:<\/td>\n<td class=\"td\">Vingio str. 37-24, LT-95215<br \/>\nKlaip\u0117da, Lithuania<\/td>\n<\/tr>\n<tr class=\"tr\">\n<td class=\"td\">Phone:<\/td>\n<td class=\"td\"><a href=\"tel:\/\/+370 698 50213\">+370 698 50213<\/a><\/td>\n<\/tr>\n<tr class=\"tr\">\n<td class=\"td\">E-mail:<\/td>\n<td class=\"td\"><a href=\"mailto:arnasius.darius@gmail.com?subject=Request at BETONGRINDIS UAB website\" target=\"_top\" rel=\"noopener noreferrer\">arnasius.darius@gmail.com<\/a><\/td>\n<\/tr>\n<tr class=\"tr\">\n<td class=\"td\">E-mail:<\/td>\n<td class=\"td\"><a href=\"mailto:info@betongrindis.lt?subject=Request at BETONGRINDIS UAB website\" target=\"_top\" rel=\"noopener noreferrer\">info@betongrindis.lt<\/a><\/td>\n<\/tr>\n<tr class=\"tr\">\n<td class=\"td\">Registration code:<\/td>\n<td class=\"td\">302716001<\/td>\n<\/tr>\n<tr class=\"tr\">\n<td class=\"td\">VAT number:<\/td>\n<td class=\"td\">LT100006671114<\/td>\n<\/tr>\n<tr class=\"tr\">\n<td class=\"td\">Working hours:<\/td>\n<td class=\"td\">monday &#8211; friday<br \/>\n8:00 to 17:00<\/td>\n<\/tr>\n<tr class=\"tr\">\n<td class=\"td\">General manager:<\/td>\n<td class=\"td\">MR Darius Arna\u0161ius<\/td>\n<\/tr>\n<tr class=\"tr\">\n<td class=\"td\">IBAN:<\/td>\n<td class=\"td\">LT04 7300 0101 3057 4885<\/td>\n<\/tr>\n<tr class=\"tr\">\n<td class=\"td\">Bank:<\/td>\n<td class=\"td\">Swedbank AB<\/td>\n<\/tr>\n<tr class=\"tr\">\n<td class=\"td\">Bank code:<\/td>\n<td class=\"td\">73000 (domestic use)<\/td>\n<\/tr>\n<tr class=\"tr\">\n<td class=\"td\">SWIFT code:<\/td>\n<td class=\"td\">HABALT22<\/td>\n<\/tr>\n<\/tbody>\n<\/table>\n<p><span style=\"color: #777; font-size: 10px;\">BETONGRINDIS UAB is a registered company by the<\/span> <a title=\"Search for &quot;SE Centre of Registers &quot;\" href=\"http:\/\/www.registrucentras.lt\/jar\/p\/\" target=\"_blank\" rel=\"noopener noreferrer\"><span style=\"color: #777; font-size: 10px;\">Register of Legal Entities of the Republic of Lithuania<\/span><\/a><\/p><\/article>\n<article class=\"col col2\">\n<div class=\"box-default top-border\" style=\"border-color:#4983C4;border-width:4px;\">\n<h2>Send us an inquiry<\/h2>\n<div role=\"form\" class=\"wpcf7\" id=\"wpcf7-f3864-o2\" lang=\"en-US\" dir=\"ltr\">\n<div class=\"screen-reader-response\" aria-live=\"polite\"><\/div>\n<form action=\"\/en\/wp-json\/wp\/v2\/pages\/36#wpcf7-f3864-o2\" method=\"post\" class=\"wpcf7-form\" novalidate=\"novalidate\">\n<div style=\"display: none;\">\n<input type=\"hidden\" name=\"_wpcf7\" value=\"3864\" \/>\n<input type=\"hidden\" name=\"_wpcf7_version\" value=\"5.1.9\" \/>\n<input type=\"hidden\" name=\"_wpcf7_locale\" value=\"en_US\" \/>\n<input type=\"hidden\" name=\"_wpcf7_unit_tag\" value=\"wpcf7-f3864-o2\" \/>\n<input type=\"hidden\" name=\"_wpcf7_container_post\" value=\"0\" \/>\n<input type=\"hidden\" name=\"g-recaptcha-response\" value=\"\" \/>\n<\/div>\n<div>\n<p><label>Name<\/label> <span class=\"wpcf7-form-control-wrap first-name\"><input type=\"text\" name=\"first-name\" value=\"\" size=\"40\" class=\"wpcf7-form-control wpcf7-text wpcf7-validates-as-required\" aria-required=\"true\" aria-invalid=\"false\" \/><\/span><\/p>\n<p><label>Surname<\/label> <span class=\"wpcf7-form-control-wrap last-name\"><input type=\"text\" name=\"last-name\" value=\"\" size=\"40\" class=\"wpcf7-form-control wpcf7-text\" aria-invalid=\"false\" \/><\/span><\/p>\n<p><label>Company<\/label> <span class=\"wpcf7-form-control-wrap comp1\"><input type=\"text\" name=\"comp1\" value=\"\" size=\"40\" class=\"wpcf7-form-control wpcf7-text\" aria-invalid=\"false\" \/><\/span><\/p>\n<p><label>Phone number<\/label> <span class=\"wpcf7-form-control-wrap phone1\"><input type=\"text\" name=\"phone1\" value=\"+3706\" size=\"40\" class=\"wpcf7-form-control wpcf7-text\" aria-invalid=\"false\" \/><\/span><\/p>\n<p><label>Email address<\/label> <span class=\"wpcf7-form-control-wrap email1\"><input type=\"email\" name=\"email1\" value=\"\" size=\"40\" class=\"wpcf7-form-control wpcf7-text wpcf7-email wpcf7-validates-as-required wpcf7-validates-as-email\" aria-required=\"true\" aria-invalid=\"false\" \/><\/span><\/p>\n<p><label>City of construction site<\/label> <span class=\"wpcf7-form-control-wrap menu-242\"><select name=\"menu-242\" class=\"wpcf7-form-control wpcf7-select\" aria-invalid=\"false\"><option value=\"Please choose\">Please choose<\/option><option value=\"Vilnius\">Vilnius<\/option><option value=\"Kaunas\">Kaunas<\/option><option value=\"Klaip\u0117da\">Klaip\u0117da<\/option><option value=\"\u0160iauliai\">\u0160iauliai<\/option><option value=\"Panev\u0117\u017eys\">Panev\u0117\u017eys<\/option><option value=\"---\">---<\/option><option value=\"Akmen\u0117\">Akmen\u0117<\/option><option value=\"Alytus\">Alytus<\/option><option value=\"Anyk\u0161\u010diai\">Anyk\u0161\u010diai<\/option><option value=\"Ariogala\">Ariogala<\/option><option value=\"Baltoji Vok\u0117\">Baltoji Vok\u0117<\/option><option value=\"Bir\u0161tonas\">Bir\u0161tonas<\/option><option value=\"Bir\u017eai\">Bir\u017eai<\/option><option value=\"Daugai\">Daugai<\/option><option value=\"Druskininkai\">Druskininkai<\/option><option value=\"D\u016bk\u0161tas\">D\u016bk\u0161tas<\/option><option value=\"Dusetos\">Dusetos<\/option><option value=\"Ei\u0161i\u0161k\u0117s\">Ei\u0161i\u0161k\u0117s<\/option><option value=\"Elektr\u0117nai\">Elektr\u0117nai<\/option><option value=\"E\u017eer\u0117lis\">E\u017eer\u0117lis<\/option><option value=\"Garg\u017edai\">Garg\u017edai<\/option><option value=\"Garliava\">Garliava<\/option><option value=\"Gelgaudi\u0161kis\">Gelgaudi\u0161kis<\/option><option value=\"Grigi\u0161k\u0117s\">Grigi\u0161k\u0117s<\/option><option value=\"Ignalina\">Ignalina<\/option><option value=\"Jieznas\">Jieznas<\/option><option value=\"Jonava\">Jonava<\/option><option value=\"Joni\u0161k\u0117lis\">Joni\u0161k\u0117lis<\/option><option value=\"Joni\u0161kis\">Joni\u0161kis<\/option><option value=\"Jurbarkas\">Jurbarkas<\/option><option value=\"Kai\u0161iadorys\">Kai\u0161iadorys<\/option><option value=\"Kalvarija\">Kalvarija<\/option><option value=\"Kaunas\">Kaunas<\/option><option value=\"Kavarskas\">Kavarskas<\/option><option value=\"Kazl\u0173 R\u016bda\">Kazl\u0173 R\u016bda<\/option><option value=\"K\u0117dainiai\">K\u0117dainiai<\/option><option value=\"Kelm\u0117\">Kelm\u0117<\/option><option value=\"Kybartai\">Kybartai<\/option><option value=\"Klaip\u0117da\">Klaip\u0117da<\/option><option value=\"Kretinga\">Kretinga<\/option><option value=\"Kudirkos Naumiestis\">Kudirkos Naumiestis<\/option><option value=\"Kupi\u0161kis\">Kupi\u0161kis<\/option><option value=\"Kur\u0161\u0117nai\">Kur\u0161\u0117nai<\/option><option value=\"Lazdijai\">Lazdijai<\/option><option value=\"Lentvaris\">Lentvaris<\/option><option value=\"Linkuva\">Linkuva<\/option><option value=\"Marijampol\u0117\">Marijampol\u0117<\/option><option value=\"Ma\u017eeikiai\">Ma\u017eeikiai<\/option><option value=\"Mol\u0117tai\">Mol\u0117tai<\/option><option value=\"Naujoji Akmen\u0117\">Naujoji Akmen\u0117<\/option><option value=\"Nemen\u010din\u0117\">Nemen\u010din\u0117<\/option><option value=\"Neringa\">Neringa<\/option><option value=\"Obeliai\">Obeliai<\/option><option value=\"Pabrad\u0117\">Pabrad\u0117<\/option><option value=\"Pag\u0117giai\">Pag\u0117giai<\/option><option value=\"Pakruojis\">Pakruojis<\/option><option value=\"Palanga\">Palanga<\/option><option value=\"Pand\u0117lys\">Pand\u0117lys<\/option><option value=\"Panemun\u0117\">Panemun\u0117<\/option><option value=\"Panev\u0117\u017eys\">Panev\u0117\u017eys<\/option><option value=\"Pasvalys\">Pasvalys<\/option><option value=\"Plung\u0117\">Plung\u0117<\/option><option value=\"Priekul\u0117\">Priekul\u0117<\/option><option value=\"Prienai\">Prienai<\/option><option value=\"Radvili\u0161kis\">Radvili\u0161kis<\/option><option value=\"Ramygala\">Ramygala<\/option><option value=\"Raseiniai\">Raseiniai<\/option><option value=\"Rietavas\">Rietavas<\/option><option value=\"Roki\u0161kis\">Roki\u0161kis<\/option><option value=\"R\u016bdi\u0161k\u0117s\">R\u016bdi\u0161k\u0117s<\/option><option value=\"Salantai\">Salantai<\/option><option value=\"Seda\">Seda<\/option><option value=\"Simnas\">Simnas<\/option><option value=\"Skaudvil\u0117\">Skaudvil\u0117<\/option><option value=\"Skuodas\">Skuodas<\/option><option value=\"Smalininkai\">Smalininkai<\/option><option value=\"Suba\u010dius\">Suba\u010dius<\/option><option value=\"\u0160akiai\">\u0160akiai<\/option><option value=\"\u0160al\u010dininkai\">\u0160al\u010dininkai<\/option><option value=\"\u0160eduva\">\u0160eduva<\/option><option value=\"\u0160iauliai\">\u0160iauliai<\/option><option value=\"\u0160ilal\u0117\">\u0160ilal\u0117<\/option><option value=\"\u0160ilut\u0117\">\u0160ilut\u0117<\/option><option value=\"\u0160irvintos\">\u0160irvintos<\/option><option value=\"\u0160ven\u010dion\u0117liai\">\u0160ven\u010dion\u0117liai<\/option><option value=\"\u0160ven\u010dionys\">\u0160ven\u010dionys<\/option><option value=\"Taurag\u0117\">Taurag\u0117<\/option><option value=\"Tel\u0161iai\">Tel\u0161iai<\/option><option value=\"Tytuv\u0117nai\">Tytuv\u0117nai<\/option><option value=\"Trakai\">Trakai<\/option><option value=\"Tro\u0161k\u016bnai\">Tro\u0161k\u016bnai<\/option><option value=\"Ukmerg\u0117\">Ukmerg\u0117<\/option><option value=\"Utena\">Utena<\/option><option value=\"U\u017eventis\">U\u017eventis<\/option><option value=\"Vabalninkas\">Vabalninkas<\/option><option value=\"Var\u0117na\">Var\u0117na<\/option><option value=\"Varniai\">Varniai<\/option><option value=\"Veisiejai\">Veisiejai<\/option><option value=\"Venta\">Venta<\/option><option value=\"Viek\u0161niai\">Viek\u0161niai<\/option><option value=\"Vievis\">Vievis<\/option><option value=\"Vilkavi\u0161kis\">Vilkavi\u0161kis<\/option><option value=\"Vilkija\">Vilkija<\/option><option value=\"Vilnius\">Vilnius<\/option><option value=\"Virbalis\">Virbalis<\/option><option value=\"Visaginas\">Visaginas<\/option><option value=\"Zarasai\">Zarasai<\/option><option value=\"\u017dagar\u0117\">\u017dagar\u0117<\/option><option value=\"\u017die\u017emariai\">\u017die\u017emariai<\/option><option value=\"Other city\">Other city<\/option><option value=\"Other country\">Other country<\/option><\/select><\/span><\/p>\n<p><label>Subject<\/label> <span class=\"wpcf7-form-control-wrap menu-224\"><select name=\"menu-224\" class=\"wpcf7-form-control wpcf7-select\" aria-invalid=\"false\"><option value=\"Please choose\">Please choose<\/option><option value=\"Request for an offer\">Request for an offer<\/option><option value=\"Request for a meeting\">Request for a meeting<\/option><option value=\"Request for a viewing\">Request for a viewing<\/option><option value=\"Consultation\">Consultation<\/option><option value=\"Documents\">Documents<\/option><option value=\"Accounting\">Accounting<\/option><option value=\"B2B\">B2B<\/option><option value=\"Tender\">Tender<\/option><option value=\"Other...\">Other...<\/option><option value=\"Industrial flooring\">Industrial flooring<\/option><option value=\"\u2014 Floor installation\">\u2014 Floor installation<\/option><option value=\"\u2014 Floor renovation\">\u2014 Floor renovation<\/option><option value=\"\u2014 Paving\">\u2014 Paving<\/option><option value=\"Concreting\">Concreting<\/option><option value=\"\u2014 Reinforcement\">\u2014 Reinforcement<\/option><option value=\"\u2014 Foundation\">\u2014 Foundation<\/option><option value=\"\u2014 Walls\">\u2014 Walls<\/option><option value=\"Construction\">Construction<\/option><option value=\"\u2014 Commercial construction\">\u2014 Commercial construction<\/option><option value=\"\u2014 Industrial construction\">\u2014 Industrial construction<\/option><\/select><\/span><\/p>\n<p><label>Your message<\/label> <span class=\"wpcf7-form-control-wrap textarea-501\"><textarea name=\"textarea-501\" cols=\"40\" rows=\"10\" class=\"wpcf7-form-control wpcf7-textarea contact\" aria-invalid=\"false\" placeholder=\"Please specify your project vision, requirements by providing as most as possible details of your construction object and then we will be able to give you more detailed answer. Thank you.\"><\/textarea><\/span><\/p>\n<div align=\"left\" style=\"margin-top: 55px !important;\">\n<style type=\"text\/css\">\n\t\t\t.g-recaptcha{\n\t\t\ttransform:scale(0.85);\n\t\t\t-webkit-transform:scale(0.85);\n\t\t\ttransform-origin:0 0;\n\t\t\t-webkit-transform-origin:0 0;\n\t\t\t}\n\t\t\t<\/style>\n<p><label>Confirm you are a human<\/label>\n<span class=\"wpcf7-form-control-wrap recaptcha\" data-name=\"recaptcha\"><span data-sitekey=\"6Lfu8H0UAAAAAO3wWpJZG2w8lHfEsaOPu66j3KSt\" class=\"wpcf7-form-control g-recaptcha wpcf7-recaptcha\"><\/span>\r\n<noscript>\r\n\t<div class=\"grecaptcha-noscript\">\r\n\t\t<iframe src=\"https:\/\/www.google.com\/recaptcha\/api\/fallback?k=6Lfu8H0UAAAAAO3wWpJZG2w8lHfEsaOPu66j3KSt\" frameborder=\"0\" scrolling=\"no\" width=\"310\" height=\"430\">\r\n\t\t<\/iframe>\r\n\t\t<textarea name=\"g-recaptcha-response\" rows=\"3\" cols=\"40\" placeholder=\"reCaptcha Response Here\">\r\n\t\t<\/textarea>\r\n\t<\/div>\r\n<\/noscript>\r\n<\/span>\n<\/div>\n<div>\n<p align=\"right\"><input type=\"submit\" value=\"Send\" class=\"wpcf7-form-control wpcf7-submit\" \/><\/p>\n<\/div>\n<\/div>\n<div class=\"wpcf7-response-output wpcf7-display-none\" aria-hidden=\"true\"><\/div><\/form><\/div>\n<p class=\"note-small\">Fields marked with star are required to fill.<br \/>By submitting this inquire you know that your information will be managed by BETONGRINDIS UAB under the regulations of Lithuanian and EU law.<\/p>\n<\/div><\/article>\n<\/section>","protected":false},"excerpt":{"rendered":"<p>Company operates in the north-western Lithuania. Office located in Klaip\u0117da, Lithuania which is the leading port city of Baltic states. Please contact us in written and we will be glad to give you a quote or a consultation. We are in open discussion for B2B and constructive proposals for cooperation.<\/p>\n","protected":false},"author":1,"featured_media":0,"parent":0,"menu_order":0,"comment_status":"closed","ping_status":"closed","template":"","meta":[],"aioseo_notices":[],"_links":{"self":[{"href":"https:\/\/betongrindis.lt\/en\/wp-json\/wp\/v2\/pages\/36"}],"collection":[{"href":"https:\/\/betongrindis.lt\/en\/wp-json\/wp\/v2\/pages"}],"about":[{"href":"https:\/\/betongrindis.lt\/en\/wp-json\/wp\/v2\/types\/page"}],"author":[{"embeddable":true,"href":"https:\/\/betongrindis.lt\/en\/wp-json\/wp\/v2\/users\/1"}],"replies":[{"embeddable":true,"href":"https:\/\/betongrindis.lt\/en\/wp-json\/wp\/v2\/comments?post=36"}],"version-history":[{"count":3,"href":"https:\/\/betongrindis.lt\/en\/wp-json\/wp\/v2\/pages\/36\/revisions"}],"predecessor-version":[{"id":5766,"href":"https:\/\/betongrindis.lt\/en\/wp-json\/wp\/v2\/pages\/36\/revisions\/5766"}],"wp:attachment":[{"href":"https:\/\/betongrindis.lt\/en\/wp-json\/wp\/v2\/media?parent=36"}],"curies":[{"name":"wp","href":"https:\/\/api.w.org\/{rel}","templated":true}]}}